  {"id":535,"date":"2023-01-25T21:52:43","date_gmt":"2023-01-25T21:52:43","guid":{"rendered":"https:\/\/www.terc.edu\/familystem\/?page_id=535"},"modified":"2026-02-12T03:45:36","modified_gmt":"2026-02-12T03:45:36","slug":"publications","status":"publish","type":"page","link":"https:\/\/www.terc.edu\/familystem\/publications\/","title":{"rendered":"Publications"},"content":{"rendered":"\n<p><strong><span style=\"text-decoration: underline;\"><u>20<\/u>26<\/span><\/strong><\/p>\n\n\n\n<p>Pattison, S. A., Ramos Monta\u00f1ez, S., L\u00f3pez Burgos, V., Svarovsky, G. N., Douglass, A., Allen, J., Wagner, C., Santiago, A., &amp; Reyes, N. (2026). <em><a href=\"https:\/\/www.terc.edu\/storybookstem\/wp-content\/uploads\/sites\/5\/2026\/02\/PattisonEtAl2026_AgenticInterestDev.pdf\" target=\"_blank\" rel=\"noreferrer noopener\">Agentic interest development: How Spanish- and English-speaking caregivers from low-income communities leverage STEM programs to support their family goals and interests<\/a><\/em>. Cambridge, MA: AV巴士.<\/p>\n\n\n\n<p><strong><span style=\"text-decoration: underline;\"><u>20<\/u>25<\/span><\/strong><\/p>\n\n\n\n<p>Ramos Monta\u00f1ez, S., Pattison, S. A., Svarovsky, G. N., Douglass, A., Allen, J., L\u00f3pez Burgos, V., Reyes, N., &amp; Garibay, C. (2025). <a href=\"https:\/\/www.terc.edu\/hse\/wp-content\/uploads\/sites\/18\/2025\/07\/Empowering-Communities-and-Project-Teams-The-Role-of-Equity-Advocates-in-Informal-STEM-Education.pdf\" target=\"_blank\" rel=\"noreferrer noopener\">Empowering communities and project teams: The role of equity advocates in informal STEM education<\/a>. Cambridge, MA: AV巴士.<\/p>\n\n\n\n<p>Pattison, S. A., Jbali, M., Preisz, A., Ramos Monta\u00f1ez, S., Allen, J., Douglass, A., Svarovsky, G. N., &amp; L\u00f3pez Burgos, V. (2025). <em><a href=\"https:\/\/www.researchgate.net\/publication\/393664690_Community-Centered_Knowledge_Mobilization_Collaborative_Program_Adaptation_with_Families_from_the_Greater_Middle_East\" target=\"_blank\" rel=\"noreferrer noopener\">Community-centered knowledge mobilization: Collaborative program adaptation with families from the Greater Middle East<\/a><\/em>. American Educational Research Association Annual Conference, Denver, CO.<\/p>\n\n\n\n<p>Pattison, S. A., Ramos Monta\u00f1ez, S., Svarovsky, G. N., Wagner, C., Corbett, A., Quijano, &amp; L\u00f3pez Burgos, V. (2025). <a href=\"https:\/\/docs.lib.purdue.edu\/jpeer\/vol15\/iss1\/1\/\" target=\"_blank\" rel=\"noreferrer noopener\">Activity design principles to support engineering design practices for families with preschool-age children from low-income English- and Spanish-speaking communities<\/a>. <em>Journal of Pre-College Engineering Education Research (J-PEER)<\/em>.<\/p>\n\n\n\n<p>Shaby, N., Dillon, J., Peleg, R., Assaraf, O. B.-Z., Pattison, S., Pierroux, P., Barzilay, M., Grenon, M., Steier, R., Ramos-Montanez, S., Wagner, C., Quijano, M., Burgos, V. L., &amp; Contreras, D. (2025). <a href=\"https:\/\/www.researchgate.net\/publication\/389265306_Telling_Tales_The_Use_of_Narratives_in_Informal_STEM_Settings\" target=\"_blank\" rel=\"noreferrer noopener\">Telling tales: The use of narratives in informal STEM settings<\/a>. <em>Research in Science and Technological Education<\/em>.<\/p>\n\n\n\n<p><strong><span style=\"text-decoration: underline;\"><u>20<\/u>24<\/span><\/strong><\/p>\n\n\n\n<p>Pattison, S. A., Ramos Monta\u00f1ez, S., Tolbert Smith, D., Cardella, M., Dou, R., Cian, H., Calabrese Barton, A., Sedawi, W., Tan, E., L\u00f3pez Burgos, V., Svarovsky, G. N., Allen, J., Douglass, A., &amp; Wagner, C. (2024). <em><a href=\"https:\/\/www.researchgate.net\/publication\/380320468_Families_Matter_Family_Learning_as_a_Central_Component_to_Equity_in_STEM_Education\" target=\"_blank\" rel=\"noreferrer noopener\">Families matter: Family learning as a central component to equity in STEM education<\/a><\/em>. Symposium presented at the NARST Annual International Conference, Denver, CO.<\/p>\n\n\n\n<p>Svarovsky, G. N., Wagner, C., Lettau, M., Marfo, K., Pattison, S. A., Ramos Monta\u00f1ez, S., L\u00f3pez Burgos, V., Corbett, A., Quijano, M., &amp; Contreras, D. (2024). <em><a href=\"https:\/\/www.researchgate.net\/publication\/382873621_Supporting_Early_Childhood_Educators_in_Implementing_and_Adapting_Research-based_Engineering_Activities_Designed_for_Families_Fundamental_Diversity\" target=\"_blank\" rel=\"noreferrer noopener\">Supporting early childhood educators in implementing and adapting research-based engineering activities designed for families<\/a><\/em>. Paper presented at the American Society for Engineering Education Annual Conference &amp; Exposition, Portland, OR.<\/p>\n\n\n\n<p><strong><u>2023<\/u><\/strong><\/p>\n\n\n\n<p>Pattison, S. A., Svarovsky, G., Monta\u00f1ez, S. R., Burgos, V. L., Santiago, A., &amp; Santos, S. D. L. (2023). <a href=\"https:\/\/www.researchgate.net\/publication\/374617987_Family-Centered_Research_Reflections_From_a_Zoom-Based_Recording_Method_of_Families_Learning_Together_at_Home\" target=\"_blank\" rel=\"noreferrer noopener\">Family-centered research: Reflections from a Zoom-based recording method of families learning together at home<\/a>. <em>Educational Researcher<\/em>.<\/p>\n\n\n\n<p>Pattison, S. A., Svarovsky, G. N., Ramos Monta\u00f1ez, S., Wagner, C., L\u00f3pez Burgos, V., Corbett, A., Quijano, M., Contreras, D., De Los Santos, S., &amp; Perdomo, M. E. (2023). <a rel=\"noreferrer noopener\" href=\"https:\/\/blog.terc.edu\/playful-engineering\" target=\"_blank\">Playful engineering: Discovering the unique potential of engineering with young children and their families<\/a>. <em>Hands On! Magazine, Fall<\/em>, 5\u201310. <\/p>\n\n\n\n<p>Pattison, S. A., Ramos Monta\u00f1ez, S., L\u00f3pez Burgos, V., Svarovsky, G. N., Wagner, C., Douglass, A., &amp; Allen, J. (2023, June). <em><a rel=\"noreferrer noopener\" href=\"https:\/\/www.researchgate.net\/publication\/372052190_Family_Voices_Learning_from_Families_with_Preschool-Age_Children_from_Historically_Marginalized_Communities_to_Expand_our_Vision_of_Engineering\" target=\"_blank\">Family voices: Learning from families with preschool-age children from historically marginalized communities to expand our vision of engineering<\/a><\/em>. American Society of Engineering Education Annual Conference, Baltimore, MD.<\/p>\n\n\n\n<p>Ramos Monta\u00f1ez, S. (2023). <a href=\"https:\/\/doi.org\/10.1016\/j.appdev.2023.101540\" target=\"_blank\" rel=\"noreferrer noopener\">Advancing equity through research: The importance of asset-based approaches and methods<\/a>. <em>Journal of Applied Developmental Psychology, 86<\/em>, 101540.<\/p>\n\n\n\n<p>Wagner, C., Svarovsky, G. N., Lettau, M., Marfo, K., Lorena Ortiz, A., Ryan, D., Pattison, S. A., Ramos Monta\u00f1ez, S., L\u00f3pez Burgos, V., De Los Santos, S., Quijano, M., &amp; Corbett, A. (2023, June). <a href=\"https:\/\/nemo.asee.org\/public\/conferences\/327\/papers\/37959\/view\" target=\"_blank\" rel=\"noreferrer noopener\"><em>Exploring the nature of engineering during home-based engineering activities designed for Spanish- and English-speaking families with young children<\/em><\/a>. American Society for Engineering Education Annual Conference, Baltimore, MD.<\/p>\n\n\n\n<p><strong><span style=\"text-decoration: underline;\"><u>202<\/u>2<\/span><\/strong><\/p>\n\n\n\n<p>Pattison, S. A., Ramos Monta\u00f1ez, S., &amp; Svarovsky, G. (2022). <a rel=\"noreferrer noopener\" href=\"https:\/\/www.researchgate.net\/publication\/363240338_Family_values_parent_roles_and_life_challenges_Parent_reflections_on_the_factors_shaping_long-term_interest_development_for_young_children_and_their_families_participating_in_an_early_childhood_engine\" target=\"_blank\">Family values, parent roles, and life challenges: Parent reflections on the factors shaping long\u2010term interest development for young children and their families participating in an early childhood engineering program. <\/a><em>Science Education 106<\/em>(6), 1568\u20131604.<\/p>\n\n\n\n<p>Pattison, S. A., &amp; Ramos Monta\u00f1ez, S. (2022). <a href=\"https:\/\/www.researchgate.net\/publication\/361372275_Diverse_STEM_Interest_Development_Pathways_in_Early_Childhood\" target=\"_blank\" rel=\"noreferrer noopener\">Diverse STEM interest development pathways in early childhood<\/a>. In T. J. Kennedy &amp; S. D. Tunnicliffe (Eds.), <em>Play and STEM education in the early years: International policy and practice<\/em> (pp. 439\u2013457). Springer.<\/p>\n\n\n\n<p>Pattison, S. A., Ramos Monta\u00f1ez, S., Santiago, A., Svarovsky, G. N., Douglass, A., N\u00fa\u00f1ez, V., Allen, J., &amp; Wagner, C. (2022). <a href=\"https:\/\/www.researchgate.net\/publication\/359878905_Interest_Catalysts_The_Unique_Ways_Families_Connect_with_Program_Experiences_to_Support_Long-Term_STEM_Interest_Pathways_in_Early_Childhood\" target=\"_blank\" rel=\"noreferrer noopener\"><em>Interest catalysts: The unique ways families connect with program experiences to support long-term STEM interest pathways in early childhood<\/em><\/a>. Paper presented at the NARST 2022 Annual International Conference, Vancouver, British Columbia.<\/p>\n\n\n\n<p>Pattison, S. A., Svarovsky, G. N., Ramos Monta\u00f1ez, S., Wagner, C., Corbett, A., Perdomo, M. E., L\u00f3pez Burgos, V., &amp; De Los Santos, S. (2022). <a href=\"https:\/\/www.researchgate.net\/publication\/360079545_Activity_Design_Principles_that_Support_Family-Based_Engineering_Learning_in_Early_Childhood\" target=\"_blank\" rel=\"noreferrer noopener\"><em>Activity design principles that support family-based engineering learning in early childhood<\/em><\/a>. Paper presented at the NARST 2022 Annual International Conference, Vancouver, British Columbia.<\/p>\n\n\n\n<p>Pattison, S. A., Svarovsky, G., Corbett, A., Perdomo, M. E., Ramos Monta\u00f1ez, S., Wagner, C., L\u00f3pez Burgos, V., &amp; De Los Santos, S. (2022). <a rel=\"noreferrer noopener\" href=\"https:\/\/doi.org\/10.13140\/RG.2.2.19143.16803\" target=\"_blank\"><em>Playful materials catalyze imaginative play and shift the nature of engineering design for preschool-age children and their families<\/em><\/a>. Poster presented at the Society for Research in Child Development Learning through Play and Imagination meeting, St Louis, MO.<\/p>\n\n\n\n<p>Pattison, S. A., Ramos Monta\u00f1ez, S., Svarovsky, G. N., &amp; Tominey, S. (2022). <em><a href=\"https:\/\/info.terc.edu\/e2-ebook-0\" target=\"_blank\" rel=\"noreferrer noopener\">Engineering for equity: Exploring the intersection of engineering education, family learning, early childhood, and equity<\/a><\/em>. AV巴士.<\/p>\n\n\n\n<p>Ramos Monta\u00f1ez, S., &amp; Pattison, S. (2022). <a href=\"http:\/\/Ramos Monta\u00f1ez, S., &amp; Pattison, S. (2022). How activity frames shape situated identity negotiation: Theoretical and practical insights from an informal engineering education program. In H. T. Holmegaard &amp; L. Archer (Eds.), Science Identities (Vol. 12, pp. 333\u2013357). Springer. https:\/\/doi.org\/10.1007\/978-3-031-17642-5_15\" target=\"_blank\" rel=\"noreferrer noopener\">How activity frames shape situated identity negotiation: Theoretical and practical insights from an informal engineering education program<\/a>. In H. T. Holmegaard &amp; L. Archer (Eds.), <em>Science Identities <\/em>(Vol. 12, pp. 333\u2013357). Springer.<\/p>\n\n\n\n<p><strong><u>2021<\/u><\/strong><\/p>\n\n\n\n<p>Cardella, M. E., Svarovsky, G. N., &amp; Pattison, S. A. (2021). <em><a href=\"https:\/\/nap.nationalacademies.org\/resource\/26215\/Engineering-Education-in-PreK-5th-Grade.pdf\" target=\"_blank\" rel=\"noreferrer noopener\">Engineering education in pre-kindergarten through fifth grade: An overview<\/a><\/em> [Commissed report for the Committee on Enhancing Science and Engineering in Prekindergarten through Fifth Grades].<\/p>\n\n\n\n<p>Pattison, S. A., &amp; Ramos Monta\u00f1ez, S. (2021). <a rel=\"noreferrer noopener\" href=\"https:\/\/www.researchgate.net\/publication\/357435598_Facilitating_Family_Learning_in_Museums_Re-thinking_Our_Assumptions_and_Approaches\" target=\"_blank\">Facilitating family learning in museums: Re-thinking our assumptions and approaches<\/a>. In J. L. Porter &amp; M. K. Cunningham (Eds.), <em>Museum education for today\u2019s audiences: Meeting expectations with new models<\/em>. Rowman &amp; Littlefield.<\/p>\n\n\n\n<p>Pattison, S. A., &amp; Svarovsky, G. N. (2021). <em><a rel=\"noreferrer noopener\" href=\"https:\/\/www.informalscience.org\/news-views\/sharpening-our-focus-equity-reflections-storybook-stem-project\" target=\"_blank\">Sharpening our focus on equity: Reflections from the Storybook STEM project<\/a><\/em>.<\/p>\n\n\n\n<p>Pattison, S. A., Svarovsky, G. N., &amp; Ramos Monta\u00f1ez, S. (2021). <a href=\"https:\/\/blog.terc.edu\/storybook-stem\" target=\"_blank\" rel=\"noreferrer noopener\">Storybook STEM: Children\u2019s literature as a tool for supporting equitable STEM learning for families<\/a>. <em>Hands On! Magazine, Spring<\/em>, 12\u201317.<\/p>\n\n\n\n<p><strong><u>2020<\/u><\/strong><\/p>\n\n\n\n<p>Pattison, S. A., Ramos Monta\u00f1ez, S., &amp; Svarovsky, G. N. (2020). <a href=\"https:\/\/www.terc.edu\/hse\/wp-content\/uploads\/sites\/18\/2021\/05\/NARST2020_EarlyEngineering_03-27-20.pdf\" target=\"_blank\" rel=\"noreferrer noopener\"><em>Early childhood engineering: Supporting engineering design practices with young children and their families<\/em><\/a>. Paper presented at the NARST 2020 Annual International Conference, Portland, OR.<\/p>\n\n\n\n<p>Pattison, S. A., Svarovsky, G., Ramos Monta\u00f1ez, S., Gontan, I., Weiss, S., N\u00fa\u00f1ez, V., Corrie, P., Smith, C., &amp; Benne, M. (2020). <a href=\"https:\/\/www.terc.edu\/hse\/wp-content\/uploads\/sites\/18\/2021\/05\/PattisonEtAl2020_JPEER_EarlyChildhoodEngInterest.pdf\" target=\"_blank\" rel=\"noreferrer noopener\">Understanding early childhood engineering interest development as a family-level systems phenomenon: Findings from the Head Start on Engineering project<\/a>. <em>Journal of Pre-College Engineering Education Research (J-PEER), 10<\/em>(1), 72\u201389.<\/p>\n\n\n\n<p><strong><u>2019<\/u><\/strong><\/p>\n\n\n\n<p>Pattison, S. A., N\u00fa\u00f1ez, V., Smith, C., &amp; Douglass, A. (2019<em>). <\/em><a href=\"https:\/\/www.terc.edu\/hse\/wp-content\/uploads\/sites\/18\/2021\/05\/FinalReport_HSEBoeing2018_08-01-19.pdf\" target=\"_blank\" rel=\"noreferrer noopener\"><em>Ingenier\u00eda para mi familia: Strengthening the cultural relevance of the Head Start on Engineering program for families<\/em><\/a>. Cambridge, MA: AV巴士.<\/p>\n\n\n\n<p><strong><u>2018<\/u><\/strong><\/p>\n\n\n\n<p>Pattison, S. A., N\u00fa\u00f1ez, V., Smith, C., Svarovsky, G. N., Benne, M., Corrie, P., &amp; Stewart, R. (2018). <a href=\"https:\/\/www.terc.edu\/hse\/wp-content\/uploads\/sites\/18\/2021\/05\/HSEProgramGuide_02-22-19.pdf\" target=\"_blank\" rel=\"noreferrer noopener\"><em>Introduction to the Head Start on Engineering pilot program: Engaging families with preschool children in the engineering design process<\/em><\/a>. Portland, OR: Institute for Learning Innovation.<\/p>\n\n\n\n<p>Pattison, S. A., Svarovsky, G. N., Benne, M., Corrie, P., N\u00fa\u00f1ez, V., &amp; Smith, C. (2018). <a href=\"https:\/\/www.terc.edu\/hse\/wp-content\/uploads\/sites\/18\/2021\/05\/EvaluationReport_HSE2.0_04-12-19.pdf\" target=\"_blank\" rel=\"noreferrer noopener\"><em>Head Start on Engineering: 2017\u201318 program year evaluation report<\/em><\/a>. Portland, OR: Institute for Learning Innovation.<\/p>\n\n\n\n<p>Pattison, S. A., Svarovsky, G. N., Benne, M., Corrie, P., N\u00fa\u00f1ez, V., Smith, C., &amp; Stewart, R. (2018). <a href=\"https:\/\/www.terc.edu\/hse\/wp-content\/uploads\/sites\/18\/2021\/05\/VSAPoster2018_HSE2.0_07-10-18.pdf\" target=\"_blank\" rel=\"noreferrer noopener\"><em>Head Start on Engineering<\/em><\/a>. Poster presented at the Visitor Studies Association Conference, Chicago, IL.<\/p>\n\n\n\n<p>Pattison, S. A., Weiss, S., Ramos-Monta\u00f1ez, S., Gontan, I., Svarovsky, G., Corrie, P. G., \u2026 Smith, C. (2018). <a href=\"https:\/\/www.terc.edu\/hse\/wp-content\/uploads\/sites\/18\/2021\/05\/PattisonEtAl2018_NARST_FamilyInterestSystem.pdf\" target=\"_blank\" rel=\"noreferrer noopener\"><em>Engineering in early childhood: Describing family-level interest development systems<\/em><\/a>. Paper presented at the NARST 91st Annual International Conference, Atlanta, GA.<\/p>\n","protected":false},"excerpt":{"rendered":"<p><u>20<\/u>26<\/p>\n<p>Pattison, S. A., Ramos Monta\u00f1ez, S., L\u00f3pez Burgos, V., Svarovsky, G. N., Douglass, A., Allen, J., Wagner, C., Santiago, A., &amp; Reyes, N. (2026). <em><a href=\"https:\/\/www.terc.edu\/storybookstem\/wp-content\/uploads\/sites\/5\/2026\/02\/PattisonEtAl2026_AgenticInterestDev.pdf\" target=\"_blank\" rel=\"noreferrer noopener\">Agentic interest development: How Spanish- and English-speaking caregivers from low-income communities leverage STEM programs to support their family goals and interests<\/a><\/em>. Cambridge, MA: AV巴士.<\/p>\n<p><u>20<\/u>25<\/p>\n<p>Ramos Monta\u00f1ez, S., Pattison, S. A., Svarovsky, G. N., Douglass, A., Allen, J., L\u00f3pez Burgos,  <a href=\"https:\/\/www.terc.edu\/familystem\/publications\/\">&nbsp;&raquo;&nbsp;Read more<\/a><\/p>\n","protected":false},"author":4,"featured_media":0,"parent":0,"menu_order":0,"comment_status":"closed","ping_status":"closed","template":"template-fullwidth.php","meta":{"_acf_changed":false,"_relevanssi_hide_post":"","_relevanssi_hide_content":"","_relevanssi_pin_for_all":"","_relevanssi_pin_keywords":"","_relevanssi_unpin_keywords":"","_relevanssi_related_keywords":"","_relevanssi_related_include_ids":"","_relevanssi_related_exclude_ids":"","_relevanssi_related_no_append":"","_relevanssi_related_not_related":"","_relevanssi_related_posts":"139,1,106,218","_relevanssi_noindex_reason":"","footnotes":""},"class_list":["post-535","page","type-page","status-publish","hentry"],"acf":[],"_links":{"self":[{"href":"https:\/\/www.terc.edu\/familystem\/wp-json\/wp\/v2\/pages\/535","targetHints":{"allow":["GET"]}}],"collection":[{"href":"https:\/\/www.terc.edu\/familystem\/wp-json\/wp\/v2\/pages"}],"about":[{"href":"https:\/\/www.terc.edu\/familystem\/wp-json\/wp\/v2\/types\/page"}],"author":[{"embeddable":true,"href":"https:\/\/www.terc.edu\/familystem\/wp-json\/wp\/v2\/users\/4"}],"replies":[{"embeddable":true,"href":"https:\/\/www.terc.edu\/familystem\/wp-json\/wp\/v2\/comments?post=535"}],"version-history":[{"count":30,"href":"https:\/\/www.terc.edu\/familystem\/wp-json\/wp\/v2\/pages\/535\/revisions"}],"predecessor-version":[{"id":976,"href":"https:\/\/www.terc.edu\/familystem\/wp-json\/wp\/v2\/pages\/535\/revisions\/976"}],"wp:attachment":[{"href":"https:\/\/www.terc.edu\/familystem\/wp-json\/wp\/v2\/media?parent=535"}],"curies":[{"name":"wp","href":"https:\/\/api.w.org\/{rel}","templated":true}]}}