  {"id":184,"date":"2021-02-05T15:50:58","date_gmt":"2021-02-05T15:50:58","guid":{"rendered":"https:\/\/www.terc.edu\/hse\/?page_id=184"},"modified":"2025-08-12T00:46:12","modified_gmt":"2025-08-12T00:46:12","slug":"recursos-para-familias","status":"publish","type":"page","link":"https:\/\/www.terc.edu\/hse\/recursos-para-familias\/","title":{"rendered":"Familias\/Families"},"content":{"rendered":"\n<div class=\"wp-block-columns is-layout-flex wp-container-core-columns-is-layout-9d6595d7 wp-block-columns-is-layout-flex\">\n<div class=\"wp-block-column is-layout-flow wp-block-column-is-layout-flow\" style=\"flex-basis:66.66%\"><\/div>\n\n\n\n<div class=\"wp-block-column is-layout-flow wp-block-column-is-layout-flow\"><\/div>\n\n\n\n<div class=\"wp-block-column is-layout-flow wp-block-column-is-layout-flow\" style=\"flex-basis:33.33%\">\n<div class=\"wp-block-buttons is-layout-flex wp-block-buttons-is-layout-flex\">\n<div class=\"wp-block-button\"><a class=\"wp-block-button__link has-text-align-right wp-element-button\" href=\"https:\/\/www.terc.edu\/hse\/resources-for-families\/\">For English<\/a><\/div>\n<\/div>\n<\/div>\n<\/div>\n\n\n\n<h2 class=\"wp-block-heading is-style-highlight\"><strong>Recursos para familias<\/strong><\/h2>\n\n\n\n<p>\u00a1Bienvenido al proyecto de Ingenier\u00eda y Head Start! Poner en pr\u00e1ctica las estrategias que los ingenieros utilizan para dise\u00f1ar y resolver desaf\u00edos, es una forma poderosa para apoyar el aprendizaje de los ni\u00f1os(as) peque\u00f1os(as), y los prepara para resolver problemas en la escuela y en la vida. \u00a1Tambi\u00e9n es una manera divertida de pasar tiempo en familia!<\/p>\n\n\n\n<p>Participen en el proceso del dise\u00f1o de ingenier\u00eda explorando y descargando estos recursos gratuitos de actividades biling\u00fces (espa\u00f1ol\/ingl\u00e9s) dise\u00f1ados para los ni\u00f1os(as) de edad preescolar (3 a 5 a\u00f1os) y sus familias.<\/p>\n\n\n\n<div class=\"wp-block-columns is-layout-flex wp-container-core-columns-is-layout-9d6595d7 wp-block-columns-is-layout-flex\">\n<div class=\"wp-block-column is-layout-flow wp-block-column-is-layout-flow\">\n<figure class=\"wp-block-image size-large\"><a href=\"https:\/\/www.terc.edu\/hse\/resources-for-families\/ingenieria-diaria\/\"><img loading=\"lazy\" decoding=\"async\" width=\"1024\" height=\"681\" src=\"https:\/\/www.terc.edu\/hse\/wp-content\/uploads\/sites\/18\/2021\/02\/Family-resources-everyday-engineering-page-1024x681.jpg\" alt=\"Child and Adult Doing Everyday Engineering Activity\" class=\"wp-image-122\" srcset=\"https:\/\/www.terc.edu\/hse\/wp-content\/uploads\/sites\/18\/2021\/02\/Family-resources-everyday-engineering-page-1024x681.jpg 1024w, https:\/\/www.terc.edu\/hse\/wp-content\/uploads\/sites\/18\/2021\/02\/Family-resources-everyday-engineering-page-300x200.jpg 300w, https:\/\/www.terc.edu\/hse\/wp-content\/uploads\/sites\/18\/2021\/02\/Family-resources-everyday-engineering-page-768x511.jpg 768w, https:\/\/www.terc.edu\/hse\/wp-content\/uploads\/sites\/18\/2021\/02\/Family-resources-everyday-engineering-page-1536x1022.jpg 1536w, https:\/\/www.terc.edu\/hse\/wp-content\/uploads\/sites\/18\/2021\/02\/Family-resources-everyday-engineering-page-2048x1363.jpg 2048w\" sizes=\"auto, (max-width: 1024px) 100vw, 1024px\" \/><\/a><figcaption class=\"wp-element-caption\"><a href=\"https:\/\/www.terc.edu\/hse\/resources-for-families\/ingenieria-diaria\/\">Introducci\u00f3n al proceso de dise\u00f1o de ingenier\u00eda<\/a><\/figcaption><\/figure>\n<\/div>\n\n\n\n<div class=\"wp-block-column is-layout-flow wp-block-column-is-layout-flow\">\n<figure class=\"wp-block-image size-large\"><a href=\"https:\/\/www.terc.edu\/hse\/resources-for-families\/cajitas-de-actividades-para-familias\/\"><img loading=\"lazy\" decoding=\"async\" width=\"1024\" height=\"681\" src=\"https:\/\/www.terc.edu\/hse\/wp-content\/uploads\/sites\/18\/2021\/02\/Family-resources-Activity-kit-page-1-1024x681.jpg\" alt=\"Child and Adult Doing an Activity Kit\" class=\"wp-image-125\" srcset=\"https:\/\/www.terc.edu\/hse\/wp-content\/uploads\/sites\/18\/2021\/02\/Family-resources-Activity-kit-page-1-1024x681.jpg 1024w, https:\/\/www.terc.edu\/hse\/wp-content\/uploads\/sites\/18\/2021\/02\/Family-resources-Activity-kit-page-1-300x200.jpg 300w, https:\/\/www.terc.edu\/hse\/wp-content\/uploads\/sites\/18\/2021\/02\/Family-resources-Activity-kit-page-1-768x511.jpg 768w, https:\/\/www.terc.edu\/hse\/wp-content\/uploads\/sites\/18\/2021\/02\/Family-resources-Activity-kit-page-1-1536x1022.jpg 1536w, https:\/\/www.terc.edu\/hse\/wp-content\/uploads\/sites\/18\/2021\/02\/Family-resources-Activity-kit-page-1-2048x1363.jpg 2048w\" sizes=\"auto, (max-width: 1024px) 100vw, 1024px\" \/><\/a><figcaption class=\"wp-element-caption\"><a href=\"https:\/\/www.terc.edu\/hse\/resources-for-families\/cajitas-de-actividades-para-familias\/\">Cajitas de actividades y videos<\/a><\/figcaption><\/figure>\n<\/div>\n\n\n\n<div class=\"wp-block-column is-layout-flow wp-block-column-is-layout-flow\">\n<figure class=\"wp-block-image size-large\"><a href=\"https:\/\/www.terc.edu\/hse\/resources-for-families\/actividades-de-sparks\/\"><img loading=\"lazy\" decoding=\"async\" width=\"1024\" height=\"681\" src=\"https:\/\/www.terc.edu\/hse\/wp-content\/uploads\/sites\/18\/2021\/02\/Family-resources-Sparks-page-1024x681.jpg\" alt=\"Child Doing a Spark! Activity\" class=\"wp-image-126\" srcset=\"https:\/\/www.terc.edu\/hse\/wp-content\/uploads\/sites\/18\/2021\/02\/Family-resources-Sparks-page-1024x681.jpg 1024w, https:\/\/www.terc.edu\/hse\/wp-content\/uploads\/sites\/18\/2021\/02\/Family-resources-Sparks-page-300x200.jpg 300w, https:\/\/www.terc.edu\/hse\/wp-content\/uploads\/sites\/18\/2021\/02\/Family-resources-Sparks-page-768x511.jpg 768w, https:\/\/www.terc.edu\/hse\/wp-content\/uploads\/sites\/18\/2021\/02\/Family-resources-Sparks-page-1536x1022.jpg 1536w, https:\/\/www.terc.edu\/hse\/wp-content\/uploads\/sites\/18\/2021\/02\/Family-resources-Sparks-page-2048x1363.jpg 2048w\" sizes=\"auto, (max-width: 1024px) 100vw, 1024px\" \/><\/a><figcaption class=\"wp-element-caption\"><a href=\"https:\/\/www.terc.edu\/hse\/resources-for-families\/actividades-de-sparks\/\">Actividades de \u00a1Sparks!<\/a><\/figcaption><\/figure>\n<\/div>\n<\/div>\n\n\n\n<p><\/p>\n","protected":false},"excerpt":{"rendered":"<p><a class=\"wp-block-button__link has-text-align-right wp-element-button\" href=\"https:\/\/www.terc.edu\/hse\/resources-for-families\/\">For English<\/a><\/p>\n<p>Recursos para familias<\/p>\n<p>\u00a1Bienvenido al proyecto de Ingenier\u00eda y Head Start! Poner en pr\u00e1ctica las estrategias que los ingenieros utilizan para dise\u00f1ar y resolver desaf\u00edos, es una forma poderosa para apoyar el aprendizaje de los ni\u00f1os(as) peque\u00f1os(as), y los prepara para resolver problemas en la escuela y en la vida. \u00a1Tambi\u00e9n es una manera divertida de pasar tiempo en familia!<\/p>\n<p>Participen en el proceso del dise\u00f1o de ingenier\u00eda explorando y descargando estos recursos gratuitos de actividades biling\u00fces (espa\u00f1ol\/ingl\u00e9s) dise\u00f1ados para los ni\u00f1os(as) de edad preescolar (3 a 5 a\u00f1os) y sus familias.  <a href=\"https:\/\/www.terc.edu\/hse\/recursos-para-familias\/\">&nbsp;&raquo;&nbsp;Read more<\/a><\/p>\n","protected":false},"author":8,"featured_media":0,"parent":0,"menu_order":0,"comment_status":"closed","ping_status":"closed","template":"template-fullwidth.php","meta":{"_acf_changed":false,"_relevanssi_hide_post":"","_relevanssi_hide_content":"","_relevanssi_pin_for_all":"","_relevanssi_pin_keywords":"","_relevanssi_unpin_keywords":"","_relevanssi_related_keywords":"","_relevanssi_related_include_ids":"","_relevanssi_related_exclude_ids":"","_relevanssi_related_no_append":"","_relevanssi_related_not_related":"","_relevanssi_related_posts":"1","_relevanssi_noindex_reason":"","footnotes":""},"class_list":["post-184","page","type-page","status-publish","hentry"],"acf":[],"_links":{"self":[{"href":"https:\/\/www.terc.edu\/hse\/wp-json\/wp\/v2\/pages\/184","targetHints":{"allow":["GET"]}}],"collection":[{"href":"https:\/\/www.terc.edu\/hse\/wp-json\/wp\/v2\/pages"}],"about":[{"href":"https:\/\/www.terc.edu\/hse\/wp-json\/wp\/v2\/types\/page"}],"author":[{"embeddable":true,"href":"https:\/\/www.terc.edu\/hse\/wp-json\/wp\/v2\/users\/8"}],"replies":[{"embeddable":true,"href":"https:\/\/www.terc.edu\/hse\/wp-json\/wp\/v2\/comments?post=184"}],"version-history":[{"count":16,"href":"https:\/\/www.terc.edu\/hse\/wp-json\/wp\/v2\/pages\/184\/revisions"}],"predecessor-version":[{"id":2663,"href":"https:\/\/www.terc.edu\/hse\/wp-json\/wp\/v2\/pages\/184\/revisions\/2663"}],"wp:attachment":[{"href":"https:\/\/www.terc.edu\/hse\/wp-json\/wp\/v2\/media?parent=184"}],"curies":[{"name":"wp","href":"https:\/\/api.w.org\/{rel}","templated":true}]}}