  {"id":188,"date":"2021-02-05T15:54:33","date_gmt":"2021-02-05T15:54:33","guid":{"rendered":"https:\/\/www.terc.edu\/hse\/?page_id=188"},"modified":"2026-02-27T03:49:20","modified_gmt":"2026-02-27T03:49:20","slug":"ingenieria-diaria","status":"publish","type":"page","link":"https:\/\/www.terc.edu\/hse\/ingenieria-diaria\/","title":{"rendered":"Ingenier\u00eda diar\u00eda \/ Everyday Engineering"},"content":{"rendered":"\n<div class=\"wp-block-columns is-layout-flex wp-container-core-columns-is-layout-9d6595d7 wp-block-columns-is-layout-flex\">\n<div class=\"wp-block-column is-layout-flow wp-block-column-is-layout-flow\" style=\"flex-basis:66.66%\"><\/div>\n\n\n\n<div class=\"wp-block-column is-layout-flow wp-block-column-is-layout-flow\" style=\"flex-basis:33.33%\">\n<div class=\"wp-block-buttons is-layout-flex wp-block-buttons-is-layout-flex\">\n<div class=\"wp-block-button\"><a class=\"wp-block-button__link wp-element-button\" href=\"https:\/\/www.terc.edu\/hse\/resources-for-families\/everyday-engineering\/\">For English<\/a><\/div>\n<\/div>\n<\/div>\n<\/div>\n\n\n\n<p>La ingenier\u00eda no se trata solo de construir puentes o edificios altos, es un proceso que los ingenieros siguen para crear y comprobar soluciones para resolver un reto. Todos usamos este proceso para resolver problemas diarios, como por ejemplo crear una receta de comida o construir un estante de libros. Al igual que en el proceso de investigaci\u00f3n cient\u00edfica, los ni\u00f1os(as) peque\u00f1os(as) se involucran naturalmente en el proceso del dise\u00f1o de ingenier\u00eda mientras juegan y exploran el mundo que los rodea.<\/p>\n\n\n\n<figure class=\"wp-block-video\"><video controls poster=\"https:\/\/www.terc.edu\/hse\/wp-content\/uploads\/sites\/18\/2021\/03\/Spanish-engineering-intro-video-scaled.jpg\" src=\"https:\/\/filedn.com\/llHJkVP2LCLJlRAbtLlexSm\/HSE%20Systems\/HSE%20Systems%20GY5%20Updated%20Engineering%20Intro%20Videos\/IntroEngineering_Esp_9.18.24.mp4\"><\/video><figcaption class=\"wp-element-caption\">(Video disponible en <a href=\"https:\/\/filedn.com\/llHJkVP2LCLJlRAbtLlexSm\/HSE%20Systems\/HSE%20Systems%20GY5%20Updated%20Engineering%20Intro%20Videos\/IntroEngineering_English_9.5.24.mp4\" target=\"_blank\" rel=\"noreferrer noopener\">ingl\u00e9s<\/a> y <a href=\"https:\/\/filedn.com\/llHJkVP2LCLJlRAbtLlexSm\/HSE%20Systems\/HSE%20Systems%20GY3%20Arabic%20Engineering%20Introduction%20Video\/HSE%202022%20Arabic%20Engineering.mp4\" target=\"_blank\" rel=\"noreferrer noopener\">\u00e1rabe<\/a>)<\/figcaption><\/figure>\n\n\n\n<p>No se necesita ser un experto en ingenier\u00eda para ayudar a los ni\u00f1os (as) a usar el proceso de ingenier\u00eda para dise\u00f1ar y encontrar soluciones para problemas de la vida diaria. Puedes utilizar las actividades, videos y recursos de este sitio web para aprender juntos sobre la ingenier\u00eda. Hablar con los ni\u00f1os (as) sobre el proceso del dise\u00f1o de ingenier\u00eda y usarlo cuando juegan juntos es una manera excelente de hacer que los ni\u00f1os (as) se interesen en la ingenier\u00eda y les ayuda a desarrollar habilidades para resolver problemas.<\/p>\n\n\n\n<p>En el proyecto de \u201cIngenier\u00eda y Head Start\u201d, describimos la ingenier\u00eda como una forma de dise\u00f1ar y probar ideas para resolver problemas del trabajo y la vida diaria. Hablamos sobre el proceso del dise\u00f1o de ingenier\u00eda como un ciclo iterativo de cinco pasos:<\/p>\n\n\n\n<ol class=\"wp-block-list\">\n<li>Preguntar: Hacer preguntas para comprender el problema y lo que pueda necesitar para resolverlo.<\/li>\n\n\n\n<li>Imaginar: Pensar en todas las posibles soluciones y dise\u00f1os que se pueden hacer.<\/li>\n\n\n\n<li>Planificar: Elegir un dise\u00f1o y decidir c\u00f3mo se utilizaran los materiales.<\/li>\n\n\n\n<li>Crear: Construya y pruebe su dise\u00f1o para ver qu\u00e9 tan bien resuelve el reto.<\/li>\n\n\n\n<li>Mejorar: Realizar cambios al dise\u00f1o bas\u00e1ndose en lo que aprendi\u00f3.<\/li>\n<\/ol>\n\n\n<div class=\"wp-block-image\">\n<figure class=\"aligncenter size-large is-resized\"><img loading=\"lazy\" decoding=\"async\" width=\"542\" height=\"527\" src=\"https:\/\/www.terc.edu\/hse\/wp-content\/uploads\/sites\/18\/2021\/02\/HSE_Engineer_Design_Process.png\" alt=\"HSE Design Process\" class=\"wp-image-145\" style=\"width:318px;height:309px\" srcset=\"https:\/\/www.terc.edu\/hse\/wp-content\/uploads\/sites\/18\/2021\/02\/HSE_Engineer_Design_Process.png 542w, https:\/\/www.terc.edu\/hse\/wp-content\/uploads\/sites\/18\/2021\/02\/HSE_Engineer_Design_Process-300x292.png 300w\" sizes=\"auto, (max-width: 542px) 100vw, 542px\" \/><\/figure>\n<\/div>\n\n\n<p>Mira los videos en este <a href=\"https:\/\/www.terc.edu\/hse\/recursos-para-familias\/cajitas-de-actividades-para-familias\/\">sitio web<\/a> para ver ejemplos de la ingenier\u00eda diaria en acci\u00f3n. Tambi\u00e9n puedes descargar este <a href=\"https:\/\/www.terc.edu\/hse\/wp-content\/uploads\/sites\/18\/2023\/07\/Engineering_Design_Process_Flyer_12_15-Spanish-FINAL-copy.pdf\" target=\"_blank\" rel=\"noreferrer noopener\">folleto<\/a> como un recordatorio del proceso de dise\u00f1o de ingenier\u00eda cuando juegas con los ni\u00f1os (as).<\/p>\n","protected":false},"excerpt":{"rendered":"<p><a class=\"wp-block-button__link wp-element-button\" href=\"https:\/\/www.terc.edu\/hse\/resources-for-families\/everyday-engineering\/\">For English<\/a><\/p>\n<p>La ingenier\u00eda no se trata solo de construir puentes o edificios altos, es un proceso que los ingenieros siguen para crear y comprobar soluciones para resolver un reto. Todos usamos este proceso para resolver problemas diarios, como por ejemplo crear una receta de comida o construir un estante de libros. Al igual que en el proceso de investigaci\u00f3n cient\u00edfica, los ni\u00f1os(as) peque\u00f1os(as) se involucran naturalmente en el proceso del dise\u00f1o de ingenier\u00eda mientras juegan y exploran el mundo que los rodea.  <a href=\"https:\/\/www.terc.edu\/hse\/ingenieria-diaria\/\">&nbsp;&raquo;&nbsp;Read more<\/a><\/p>\n","protected":false},"author":8,"featured_media":0,"parent":0,"menu_order":2,"comment_status":"closed","ping_status":"closed","template":"template-fullwidth.php","meta":{"_acf_changed":false,"_relevanssi_hide_post":"","_relevanssi_hide_content":"","_relevanssi_pin_for_all":"","_relevanssi_pin_keywords":"","_relevanssi_unpin_keywords":"","_relevanssi_related_keywords":"","_relevanssi_related_include_ids":"","_relevanssi_related_exclude_ids":"","_relevanssi_related_no_append":"","_relevanssi_related_not_related":"","_relevanssi_related_posts":"1","_relevanssi_noindex_reason":"","footnotes":""},"class_list":["post-188","page","type-page","status-publish","hentry"],"acf":[],"_links":{"self":[{"href":"https:\/\/www.terc.edu\/hse\/wp-json\/wp\/v2\/pages\/188","targetHints":{"allow":["GET"]}}],"collection":[{"href":"https:\/\/www.terc.edu\/hse\/wp-json\/wp\/v2\/pages"}],"about":[{"href":"https:\/\/www.terc.edu\/hse\/wp-json\/wp\/v2\/types\/page"}],"author":[{"embeddable":true,"href":"https:\/\/www.terc.edu\/hse\/wp-json\/wp\/v2\/users\/8"}],"replies":[{"embeddable":true,"href":"https:\/\/www.terc.edu\/hse\/wp-json\/wp\/v2\/comments?post=188"}],"version-history":[{"count":26,"href":"https:\/\/www.terc.edu\/hse\/wp-json\/wp\/v2\/pages\/188\/revisions"}],"predecessor-version":[{"id":2693,"href":"https:\/\/www.terc.edu\/hse\/wp-json\/wp\/v2\/pages\/188\/revisions\/2693"}],"wp:attachment":[{"href":"https:\/\/www.terc.edu\/hse\/wp-json\/wp\/v2\/media?parent=188"}],"curies":[{"name":"wp","href":"https:\/\/api.w.org\/{rel}","templated":true}]}}