  {"id":192,"date":"2021-02-05T15:56:48","date_gmt":"2021-02-05T15:56:48","guid":{"rendered":"https:\/\/www.terc.edu\/hse\/?page_id=192"},"modified":"2026-04-03T14:07:39","modified_gmt":"2026-04-03T14:07:39","slug":"cajitas-de-actividades-para-familias","status":"publish","type":"page","link":"https:\/\/www.terc.edu\/hse\/recursos-para-familias\/cajitas-de-actividades-para-familias\/","title":{"rendered":"Cajitas de actividades para familias"},"content":{"rendered":"\n<div class=\"wp-block-columns is-layout-flex wp-container-core-columns-is-layout-9d6595d7 wp-block-columns-is-layout-flex\">\n<div class=\"wp-block-column is-layout-flow wp-block-column-is-layout-flow\" style=\"flex-basis:66.66%\"><\/div>\n\n\n\n<div class=\"wp-block-column is-layout-flow wp-block-column-is-layout-flow\" style=\"flex-basis:33.33%\">\n<div class=\"wp-block-buttons is-layout-flex wp-block-buttons-is-layout-flex\">\n<div class=\"wp-block-button\"><a class=\"wp-block-button__link wp-element-button\" href=\"https:\/\/www.terc.edu\/hse\/resources-for-families\/family-activity-kits\/\">For English<\/a><\/div>\n<\/div>\n<\/div>\n<\/div>\n\n\n\n<h2 class=\"wp-block-heading is-style-highlight\"><strong>Cajitas de actividades para familias<\/strong><\/h2>\n\n\n\n<p>El programa de Ingenier\u00eda y Head Start se enfoca en crear experiencias de aprendizaje divertidas sobre la ingenier\u00eda para toda la familia en el hogar. Cada familia que participa recibe un conjunto de cajitas de actividades biling\u00fces (espa\u00f1ol\/ingl\u00e9s) para llevar a casa. \u00c9stas ayudan a ni\u00f1os(as) y adultos(as) a involucrarse en el proceso del <a href=\"https:\/\/www.terc.edu\/hse\/ingenieria-diaria\/\">dise\u00f1o de ingenier\u00eda<\/a>. Cada actividad tiene un desaf\u00edo de dise\u00f1o interactivo relacionado a la ingenier\u00eda e incluye:<\/p>\n\n\n\n<ul class=\"wp-block-list\">\n<li>Un libro de cuentos o una canci\u00f3n seleccionados para iniciar la actividad y crear un contexto de dise\u00f1o imaginativo y apropiado para la edad de las ni\u00f1os(as) peque\u00f1os(as);<\/li>\n\n\n\n<li>Materiales sencillos que se pueden reutilizar, reemplazar y complementar f\u00e1cilmente; y<\/li>\n\n\n\n<li>Una gu\u00eda para cuidadores con instrucciones e ideas adicionales.<\/li>\n<\/ul>\n\n\n\n<p>Haz clic en las im\u00e1genes a continuaci\u00f3n para obtener m\u00e1s informaci\u00f3n sobre cada actividad.<\/p>\n\n\n\n<div class=\"wp-block-columns is-layout-flex wp-container-core-columns-is-layout-9d6595d7 wp-block-columns-is-layout-flex\">\n<div class=\"wp-block-column is-layout-flow wp-block-column-is-layout-flow\">\n<h4 class=\"wp-block-heading\">Los pollitos<\/h4>\n\n\n\n<figure class=\"wp-block-video\"><video controls poster=\"https:\/\/www.terc.edu\/hse\/wp-content\/uploads\/sites\/18\/2021\/02\/Cover_FoxHen.png\" src=\"https:\/\/filedn.com\/llHJkVP2LCLJlRAbtLlexSm\/HSE%20Systems\/HSE%20Systems%20GY3%20Updated%20Activity%20and%20Read-Aloud%20Videos\/HSE%202022%20Pollitos%20Activity%20Spanish.mp4\"><\/video><figcaption class=\"wp-element-caption\"><a href=\"https:\/\/filedn.com\/llHJkVP2LCLJlRAbtLlexSm\/HSE%20Systems\/HSE%20Systems%20GY3%20Updated%20Activity%20and%20Read-Aloud%20Videos\/HSE%202022%20Pollitos%20Activity%20English.mp4\" target=\"_blank\" rel=\"noreferrer noopener\">Disponible en ingl\u00e9s aqu\u00ed<\/a><\/figcaption><\/figure>\n\n\n\n<p>Las familias construyen estructuras para mantener un grupo de pollitos seguros y c\u00f3modos. Este reto est\u00e1 basado en la canci\u00f3n, <a href=\"https:\/\/filedn.com\/llHJkVP2LCLJlRAbtLlexSm\/HSE%20Systems\/HSE%20Systems%20GY3%20Updated%20Activity%20and%20Read-Aloud%20Videos\/HSE%202022%20Pollitos%20Book.mp4\" target=\"_blank\" rel=\"noreferrer noopener\">Los Pollitos Dicen<\/a>. La gu\u00eda de actividades est\u00e1 disponible en espa\u00f1ol, ingl\u00e9s y \u00e1rabe <a href=\"https:\/\/www.terc.edu\/hse\/wp-content\/uploads\/sites\/18\/2025\/03\/Pollitos-Activity-Guide-English-Spanish-Arabic.pdf\" target=\"_blank\" rel=\"noreferrer noopener\">aqu\u00ed<\/a>.<\/p>\n<\/div>\n\n\n\n<div class=\"wp-block-column is-layout-flow wp-block-column-is-layout-flow\">\n<h4 class=\"wp-block-heading\">El fuertecito<\/h4>\n\n\n\n<figure class=\"wp-block-video\"><video controls poster=\"https:\/\/www.terc.edu\/hse\/wp-content\/uploads\/sites\/18\/2021\/02\/Cover_Fort.png\" src=\"https:\/\/filedn.com\/llHJkVP2LCLJlRAbtLlexSm\/HSE%20Systems\/HSE%20Systems%20GY3%20Updated%20Activity%20and%20Read-Aloud%20Videos\/HSE%202022%20Fort%20Activity%20Spanish.mp4\"><\/video><figcaption class=\"wp-element-caption\"><a href=\"https:\/\/filedn.com\/llHJkVP2LCLJlRAbtLlexSm\/HSE%20Systems\/HSE%20Systems%20GY3%20Updated%20Activity%20and%20Read-Aloud%20Videos\/HSE%202022%20Fort%20Activity%20English.mp4\" target=\"_blank\" rel=\"noreferrer noopener\">Disponible en ingl\u00e9s aqu\u00ed<\/a><\/figcaption><\/figure>\n\n\n\n<p>Las familias dise\u00f1an y construyen un fuerte lo suficientemente grande como para que todos quepan dentro. Este desaf\u00edo est\u00e1 basado en el libro, <a href=\"https:\/\/filedn.com\/llHJkVP2LCLJlRAbtLlexSm\/HSE%20Systems\/HSE%20Systems%20GY3%20Updated%20Activity%20and%20Read-Aloud%20Videos\/HSE%202022%20Fort%20Book.mp4\" target=\"_blank\" rel=\"noreferrer noopener\">El fuertecito rojo<\/a>. La gu\u00eda biling\u00fce de actividades est\u00e1 disponible <a href=\"https:\/\/www.terc.edu\/hse\/wp-content\/uploads\/sites\/18\/2025\/03\/Fort-Activity-English-Spanish.pdf\" target=\"_blank\" rel=\"noreferrer noopener\">aqu\u00ed<\/a>.<\/p>\n<\/div>\n<\/div>\n\n\n\n<div style=\"height:20px\" aria-hidden=\"true\" class=\"wp-block-spacer\"><\/div>\n\n\n\n<div class=\"wp-block-columns is-layout-flex wp-container-core-columns-is-layout-9d6595d7 wp-block-columns-is-layout-flex\">\n<div class=\"wp-block-column is-layout-flow wp-block-column-is-layout-flow\">\n<h4 class=\"wp-block-heading\">Fiesta de tacos<\/h4>\n\n\n\n<figure class=\"wp-block-video\"><video controls poster=\"https:\/\/www.terc.edu\/hse\/wp-content\/uploads\/sites\/18\/2021\/02\/Cover_Tacos.png\" src=\"https:\/\/filedn.com\/llHJkVP2LCLJlRAbtLlexSm\/HSE%20Systems\/HSE%20Systems%20GY3%20Updated%20Activity%20and%20Read-Aloud%20Videos\/HSE%202022%20Taco%20Activity%20Spanish.mp4\"><\/video><figcaption class=\"wp-element-caption\"><a href=\"https:\/\/filedn.com\/llHJkVP2LCLJlRAbtLlexSm\/HSE%20Systems\/HSE%20Systems%20GY3%20Updated%20Activity%20and%20Read-Aloud%20Videos\/HSE%202022%20Taco%20Activity%20English.mp4\" target=\"_blank\" rel=\"noreferrer noopener\">Disponible en ingl\u00e9s aqu\u00ed<\/a><\/figcaption><\/figure>\n\n\n\n<p>Las familias colaboran para planificar una fiesta de tacos para sus amigos y familiares y dise\u00f1an un proceso para preparar y servir los tacos. Esta actividad est\u00e1 basada en el libro, <a href=\"https:\/\/filedn.com\/llHJkVP2LCLJlRAbtLlexSm\/HSE%20Systems\/HSE%20Systems%20GY3%20Updated%20Activity%20and%20Read-Aloud%20Videos\/HSE%202022%20Taco%20Book.mp4\" target=\"_blank\" rel=\"noreferrer noopener\">C\u00f3mo doblar un taco<\/a>. La gu\u00eda biling\u00fce de actividades est\u00e1 disponible <a href=\"https:\/\/www.terc.edu\/hse\/wp-content\/uploads\/sites\/18\/2025\/03\/Tacos-Activity-English-Spanish.pdf\" target=\"_blank\" rel=\"noreferrer noopener\">aqu\u00ed<\/a>.<\/p>\n<\/div>\n\n\n\n<div class=\"wp-block-column is-layout-flow wp-block-column-is-layout-flow\">\n<h4 class=\"wp-block-heading\">El gato y el rat\u00f3n<\/h4>\n\n\n\n<figure class=\"wp-block-video\"><video controls poster=\"https:\/\/www.terc.edu\/hse\/wp-content\/uploads\/sites\/18\/2021\/02\/Cover_MouseRun.png\" src=\"https:\/\/filedn.com\/llHJkVP2LCLJlRAbtLlexSm\/HSE%20Systems\/HSE%20Systems%20GY2%20Updated%20Activity%20Videos\/HSE%20Mouse%20Run%20-%20Spanish%202021.mp4\"><\/video><figcaption class=\"wp-element-caption\"><a href=\"https:\/\/filedn.com\/llHJkVP2LCLJlRAbtLlexSm\/HSE%20Systems\/HSE%20Systems%20GY2%20Updated%20Activity%20Videos\/HSE%20Mouse%20Run%20-%20English%202021.mp4\" target=\"_blank\" rel=\"noreferrer noopener\">Disponible en ingl\u00e9s aqu\u00ed<\/a><\/figcaption><\/figure>\n\n\n\n<p>Las familias usan tubos y otros materiales que encuentren en casa para ayudar a un \u201crat\u00f3n\u201d a escapar de un gato, recolectar comida y regresar a su familia. Este desaf\u00edo se basa en el libro, <em><a href=\"https:\/\/www2.candlewick.com\/essentials.asp?browse=title&amp;mode=book&amp;isbn=0763669121&amp;bkview=p&amp;pix=y\" target=\"_blank\" rel=\"noreferrer noopener\">How to Catch a Mouse<\/a><\/em>. La gu\u00eda biling\u00fce de actividades est\u00e1 disponible <a href=\"https:\/\/www.terc.edu\/hse\/wp-content\/uploads\/sites\/18\/2021\/02\/Mouse-Run.pdf\" target=\"_blank\" rel=\"noreferrer noopener\">aqu\u00ed<\/a>.<\/p>\n<\/div>\n<\/div>\n\n\n\n<div style=\"height:20px\" aria-hidden=\"true\" class=\"wp-block-spacer\"><\/div>\n\n\n\n<div class=\"wp-block-columns is-layout-flex wp-container-core-columns-is-layout-9d6595d7 wp-block-columns-is-layout-flex\">\n<div class=\"wp-block-column is-layout-flow wp-block-column-is-layout-flow\">\n<h4 class=\"wp-block-heading\">Perro grande, perro peque\u00f1o<\/h4>\n\n\n\n<figure class=\"wp-block-image size-full\"><img loading=\"lazy\" decoding=\"async\" width=\"806\" height=\"522\" src=\"https:\/\/www.terc.edu\/hse\/wp-content\/uploads\/sites\/18\/2025\/03\/BigDog_LittleDog.png\" alt=\"\" class=\"wp-image-2557\" srcset=\"https:\/\/www.terc.edu\/hse\/wp-content\/uploads\/sites\/18\/2025\/03\/BigDog_LittleDog.png 806w, https:\/\/www.terc.edu\/hse\/wp-content\/uploads\/sites\/18\/2025\/03\/BigDog_LittleDog-300x194.png 300w, https:\/\/www.terc.edu\/hse\/wp-content\/uploads\/sites\/18\/2025\/03\/BigDog_LittleDog-768x497.png 768w\" sizes=\"auto, (max-width: 806px) 100vw, 806px\" \/><\/figure>\n\n\n\n<p>Las familias colaboran para crear camas y casas del tama\u00f1o perfecto para unos perritos de peluche de diferentes tama\u00f1os. Este reto est\u00e1 basado en el libro, <em><a href=\"https:\/\/www.penguinrandomhouse.ca\/books\/44581\/perro-grande-perro-pequeno-by-pd-eastman-illustrated-by-the-author\/9780394851426\" target=\"_blank\" rel=\"noreferrer noopener\">Perro grande, perro peque\u00f1o<\/a><\/em>. La gu\u00eda de actividades est\u00e1 disponible en espa\u00f1ol, ingl\u00e9s y \u00e1rabe <a href=\"https:\/\/www.terc.edu\/hse\/wp-content\/uploads\/sites\/18\/2025\/03\/Doggies-Activity-Guide-English-Spanish-Arabic.pdf\" target=\"_blank\" rel=\"noreferrer noopener\">aqu\u00ed<\/a>.<\/p>\n<\/div>\n\n\n\n<div class=\"wp-block-column is-layout-flow wp-block-column-is-layout-flow\">\n<h4 class=\"wp-block-heading\">La vecindad de nuestros sue\u00f1os<\/h4>\n\n\n\n<figure class=\"wp-block-image size-full\"><img loading=\"lazy\" decoding=\"async\" width=\"788\" height=\"512\" src=\"https:\/\/www.terc.edu\/hse\/wp-content\/uploads\/sites\/18\/2026\/04\/Our-Dream-Neighborhood.png\" alt=\"Illustration of a diverse neighborhood park with families, children playing, people walking, jogging, and sitting together outdoors.\" class=\"wp-image-2709\" srcset=\"https:\/\/www.terc.edu\/hse\/wp-content\/uploads\/sites\/18\/2026\/04\/Our-Dream-Neighborhood.png 788w, https:\/\/www.terc.edu\/hse\/wp-content\/uploads\/sites\/18\/2026\/04\/Our-Dream-Neighborhood-300x195.png 300w, https:\/\/www.terc.edu\/hse\/wp-content\/uploads\/sites\/18\/2026\/04\/Our-Dream-Neighborhood-768x499.png 768w\" sizes=\"auto, (max-width: 788px) 100vw, 788px\" \/><\/figure>\n\n\n\n<p>Las familias crean un modelo de la vecindad de sus sue\u00f1os, una que sea divertida, saludable y conectada. Esta actividad est\u00e1 inspirada en el libro\u00a0<em><a href=\"https:\/\/www.barefootbooks.com\/the-more-we-get-together-bilingual-spanish-paperback-2?srsltid=AfmBOopEx50CPLuubV2SbVzCjHqA_vVVQSuVH9bkC0OF7DSdaPWmoRCQ\" target=\"_blank\" rel=\"noreferrer noopener\">Si unidos estamos<\/a><\/em>. La gu\u00eda de actividades est\u00e1 disponible en espa\u00f1ol, ingl\u00e9s y \u00e1rabe <a href=\"https:\/\/www.terc.edu\/hse\/wp-content\/uploads\/sites\/18\/2026\/04\/Dream-Neighborhood-Activity-English-Spanish-Arabic.pdf\" target=\"_blank\" rel=\"noreferrer noopener\">aqu\u00ed<\/a>.<\/p>\n<\/div>\n<\/div>\n\n\n\n<p><\/p>\n\n\n\n<p>Las cajitas de actividades est\u00e1n dise\u00f1adas para toda la familia, incluyendo adultos(as), ni\u00f1os(as) de edad preescolar, familiares y otras amistades. Es f\u00e1cil adaptar y extender las actividades a las necesidades e intereses de tu propia familia. Las cajitas de actividades tambi\u00e9n sirven como modelo para crear m\u00e1s experiencias de aprendizaje familiar, como encontrar otros libros de cuentos que inspiren desaf\u00edos de ingenier\u00eda utilizando materiales cotidianos en la casa.<\/p>\n","protected":false},"excerpt":{"rendered":"<p><a class=\"wp-block-button__link wp-element-button\" href=\"https:\/\/www.terc.edu\/hse\/resources-for-families\/family-activity-kits\/\">For English<\/a><\/p>\n<p>Cajitas de actividades para familias<\/p>\n<p>El programa de Ingenier\u00eda y Head Start se enfoca en crear experiencias de aprendizaje divertidas sobre la ingenier\u00eda para toda la familia en el hogar. Cada familia que participa recibe un conjunto de cajitas de actividades biling\u00fces (espa\u00f1ol\/ingl\u00e9s) para llevar a casa. \u00c9stas ayudan a ni\u00f1os(as) y adultos(as) a involucrarse en el proceso del <a href=\"https:\/\/www.terc.edu\/hse\/ingenieria-diaria\/\">dise\u00f1o de ingenier\u00eda<\/a>. Cada actividad tiene un desaf\u00edo de dise\u00f1o interactivo relacionado a la ingenier\u00eda e incluye:<\/p>\n<p>Un libro de cuentos o una canci\u00f3n seleccionados para iniciar la actividad y crear un contexto de dise\u00f1o imaginativo y apropiado para la edad de las ni\u00f1os(as) peque\u00f1os(as);  <a href=\"https:\/\/www.terc.edu\/hse\/recursos-para-familias\/cajitas-de-actividades-para-familias\/\">&nbsp;&raquo;&nbsp;Read more<\/a><\/p>\n","protected":false},"author":8,"featured_media":0,"parent":184,"menu_order":1,"comment_status":"closed","ping_status":"closed","template":"template-fullwidth.php","meta":{"_acf_changed":false,"_relevanssi_hide_post":"","_relevanssi_hide_content":"","_relevanssi_pin_for_all":"","_relevanssi_pin_keywords":"","_relevanssi_unpin_keywords":"","_relevanssi_related_keywords":"","_relevanssi_related_include_ids":"","_relevanssi_related_exclude_ids":"","_relevanssi_related_no_append":"","_relevanssi_related_not_related":"","_relevanssi_related_posts":"1","_relevanssi_noindex_reason":"","footnotes":""},"class_list":["post-192","page","type-page","status-publish","hentry"],"acf":[],"_links":{"self":[{"href":"https:\/\/www.terc.edu\/hse\/wp-json\/wp\/v2\/pages\/192","targetHints":{"allow":["GET"]}}],"collection":[{"href":"https:\/\/www.terc.edu\/hse\/wp-json\/wp\/v2\/pages"}],"about":[{"href":"https:\/\/www.terc.edu\/hse\/wp-json\/wp\/v2\/types\/page"}],"author":[{"embeddable":true,"href":"https:\/\/www.terc.edu\/hse\/wp-json\/wp\/v2\/users\/8"}],"replies":[{"embeddable":true,"href":"https:\/\/www.terc.edu\/hse\/wp-json\/wp\/v2\/comments?post=192"}],"version-history":[{"count":54,"href":"https:\/\/www.terc.edu\/hse\/wp-json\/wp\/v2\/pages\/192\/revisions"}],"predecessor-version":[{"id":2712,"href":"https:\/\/www.terc.edu\/hse\/wp-json\/wp\/v2\/pages\/192\/revisions\/2712"}],"up":[{"embeddable":true,"href":"https:\/\/www.terc.edu\/hse\/wp-json\/wp\/v2\/pages\/184"}],"wp:attachment":[{"href":"https:\/\/www.terc.edu\/hse\/wp-json\/wp\/v2\/media?parent=192"}],"curies":[{"name":"wp","href":"https:\/\/api.w.org\/{rel}","templated":true}]}}