  {"id":2401,"date":"2025-02-20T15:43:06","date_gmt":"2025-02-20T15:43:06","guid":{"rendered":"https:\/\/www.terc.edu\/hse\/?page_id=2401"},"modified":"2025-08-11T19:59:30","modified_gmt":"2025-08-11T19:59:30","slug":"proyecto-project","status":"publish","type":"page","link":"https:\/\/www.terc.edu\/hse\/proyecto-project\/","title":{"rendered":"Proyecto \/ Project"},"content":{"rendered":"\n<div class=\"wp-block-columns is-layout-flex wp-container-core-columns-is-layout-9d6595d7 wp-block-columns-is-layout-flex\">\n<div class=\"wp-block-column is-layout-flow wp-block-column-is-layout-flow\" style=\"flex-basis:66.66%\"><\/div>\n\n\n\n<div class=\"wp-block-column is-layout-flow wp-block-column-is-layout-flow\" style=\"flex-basis:33.33%\">\n<div class=\"wp-block-buttons is-layout-flex wp-block-buttons-is-layout-flex\">\n<div class=\"wp-block-button\"><a class=\"wp-block-button__link wp-element-button\" href=\"https:\/\/www.terc.edu\/hse\/project-proyecto\/\">For English<\/a><\/div>\n<\/div>\n<\/div>\n<\/div>\n\n\n\n<h2 class=\"wp-block-heading is-style-highlight\">Acerca de Ingenier\u00eda y Head Start<\/h2>\n\n\n\n<p><em>Ingenier\u00eda y Head Start<\/em> (HSE) es una colaboraci\u00f3n continua que conecta la investigaci\u00f3n y la pr\u00e1ctica para comprender y apoyar el desarrollo del inter\u00e9s relacionado con la ingenier\u00eda en la primera infancia, especialmente para familias de bajos ingresos. Este proyecto est\u00e1 motivado por tres necesidades fundamentales:<\/p>\n\n\n\n<ol style=\"list-style-type:lower-alpha\" class=\"wp-block-list\">\n<li>Fomentar la participaci\u00f3n e inter\u00e9s en la ingenier\u00eda desde la primera infancia para apoyar el desarrollo saludable y el aprendizaje a lo largo de la vida.<\/li>\n\n\n\n<li>Brindar acceso a experiencias educativas de ingenier\u00eda de calidad para familias de bajos ingresos, con el fin de enfrentar desigualdades hist\u00f3ricas y preparar a las familias para un mundo lleno de ciencia y tecnolog\u00eda<\/li>\n\n\n\n<li>Generar conocimiento para educadores e investigadores sobre c\u00f3mo se desarrolla el inter\u00e9s y la participaci\u00f3n en la ingenier\u00eda durante la primera infancia y c\u00f3mo puede ser aoyado de manera efectiva<\/li>\n<\/ol>\n\n\n\n<p>La iniciativa HSE incluye tanto el desarrollo e implementaci\u00f3n de programas como investigaciones educativas con familias.<\/p>\n\n\n\n<ul class=\"wp-block-list\">\n<li><strong>Desarrollo de programas<\/strong>\u2014Desde 2015, el equipo ha colaborado con personal de Head Start y familias para crear un programa multiling\u00fce centrado en la familia y dise\u00f1ado para involucrar a los ni\u00f1os y las ni\u00f1as de edad preescolar y a sus cuidadores en el proceso de dise\u00f1o en ingenier\u00eda.<\/li>\n\n\n\n<li><strong>Investigaci\u00f3n<\/strong>\u2014El desarrollo e implementaci\u00f3n de HSE ha creado un contexto \u00fanico para estudiar c\u00f3mo un sistema familiar (madres, padres, cuidadores y ni\u00f1os) desarrollan inter\u00e9s por la ingenier\u00eda, c\u00f3mo ese inter\u00e9s evoluciona con el tiempo, y qu\u00e9 recursos y apoyos pueden fortalecerlo de manera sostenible.<\/li>\n<\/ul>\n\n\n\n<h4 class=\"wp-block-heading is-style-highlight\">Agradecimiento<\/h4>\n\n\n\n<p>Estamos muy agradecidos con todas las familias, educadores y colaboradores que han contribuido a este proyecto. Este trabajo ha sido posible gracias al generoso apoyo de la National Science Foundation (N\u00fameros de subsidio: 1515628, 1906409, 1906433, 1930848), Oregon Community Foundation, Collins Foundation, Boeing Corporation, University of Notre Dame y Juan Young Trust. Las opiniones, hallazgos y conclusiones o recomendaciones expresadas en estos materiales pertenecen a los autores y no necesariamente reflejan los puntos de vista de los financiadores.<\/p>\n","protected":false},"excerpt":{"rendered":"<p><a class=\"wp-block-button__link wp-element-button\" href=\"https:\/\/www.terc.edu\/hse\/project-proyecto\/\">For English<\/a><\/p>\n<p>Acerca de Ingenier\u00eda y Head Start<\/p>\n<p><em>Ingenier\u00eda y Head Start<\/em> (HSE) es una colaboraci\u00f3n continua que conecta la investigaci\u00f3n y la pr\u00e1ctica para comprender y apoyar el desarrollo del inter\u00e9s relacionado con la ingenier\u00eda en la primera infancia, especialmente para familias de bajos ingresos. Este proyecto est\u00e1 motivado por tres necesidades fundamentales:<\/p>\n<p>Fomentar la participaci\u00f3n e inter\u00e9s en la ingenier\u00eda desde la primera infancia para apoyar el desarrollo saludable y el aprendizaje a lo largo de la vida.  <a href=\"https:\/\/www.terc.edu\/hse\/proyecto-project\/\">&nbsp;&raquo;&nbsp;Read more<\/a><\/p>\n","protected":false},"author":4,"featured_media":0,"parent":0,"menu_order":0,"comment_status":"closed","ping_status":"closed","template":"template-fullwidth.php","meta":{"_acf_changed":false,"_relevanssi_hide_post":"","_relevanssi_hide_content":"","_relevanssi_pin_for_all":"","_relevanssi_pin_keywords":"","_relevanssi_unpin_keywords":"","_relevanssi_related_keywords":"","_relevanssi_related_include_ids":"","_relevanssi_related_exclude_ids":"","_relevanssi_related_no_append":"","_relevanssi_related_not_related":"","_relevanssi_related_posts":"1","_relevanssi_noindex_reason":"","footnotes":""},"class_list":["post-2401","page","type-page","status-publish","hentry"],"acf":[],"_links":{"self":[{"href":"https:\/\/www.terc.edu\/hse\/wp-json\/wp\/v2\/pages\/2401","targetHints":{"allow":["GET"]}}],"collection":[{"href":"https:\/\/www.terc.edu\/hse\/wp-json\/wp\/v2\/pages"}],"about":[{"href":"https:\/\/www.terc.edu\/hse\/wp-json\/wp\/v2\/types\/page"}],"author":[{"embeddable":true,"href":"https:\/\/www.terc.edu\/hse\/wp-json\/wp\/v2\/users\/4"}],"replies":[{"embeddable":true,"href":"https:\/\/www.terc.edu\/hse\/wp-json\/wp\/v2\/comments?post=2401"}],"version-history":[{"count":16,"href":"https:\/\/www.terc.edu\/hse\/wp-json\/wp\/v2\/pages\/2401\/revisions"}],"predecessor-version":[{"id":2654,"href":"https:\/\/www.terc.edu\/hse\/wp-json\/wp\/v2\/pages\/2401\/revisions\/2654"}],"wp:attachment":[{"href":"https:\/\/www.terc.edu\/hse\/wp-json\/wp\/v2\/media?parent=2401"}],"curies":[{"name":"wp","href":"https:\/\/api.w.org\/{rel}","templated":true}]}}