  {"id":2406,"date":"2025-02-21T14:31:42","date_gmt":"2025-02-21T14:31:42","guid":{"rendered":"https:\/\/www.terc.edu\/hse\/?page_id=2406"},"modified":"2026-02-27T03:36:17","modified_gmt":"2026-02-27T03:36:17","slug":"publicaciones","status":"publish","type":"page","link":"https:\/\/www.terc.edu\/hse\/publicaciones\/","title":{"rendered":"Publicaciones \/ Publications"},"content":{"rendered":"\n<div class=\"wp-block-columns is-layout-flex wp-container-core-columns-is-layout-9d6595d7 wp-block-columns-is-layout-flex\">\n<div class=\"wp-block-column is-layout-flow wp-block-column-is-layout-flow\" style=\"flex-basis:66.66%\"><\/div>\n\n\n\n<div class=\"wp-block-column is-layout-flow wp-block-column-is-layout-flow\" style=\"flex-basis:33.33%\">\n<div class=\"wp-block-buttons is-layout-flex wp-block-buttons-is-layout-flex\">\n<div class=\"wp-block-button\"><a class=\"wp-block-button__link wp-element-button\" href=\"https:\/\/www.terc.edu\/hse\/publications\/\">For English<\/a><\/div>\n<\/div>\n<\/div>\n<\/div>\n\n\n\n<p>A continuaci\u00f3n se presentan art\u00edculos y publicaciones producidos por el proyecto de Ingenier\u00eda y Head Start. Los manuscritos en preparaci\u00f3n o revisi\u00f3n est\u00e1n disponibles por solicitud a los autores.<\/p>\n\n\n\n<p><strong><span style=\"text-decoration: underline;\"><u>20<\/u>26<\/span><\/strong><\/p>\n\n\n\n<p>Pattison, S. A., Ramos Monta\u00f1ez, S., L\u00f3pez Burgos, V., Svarovsky, G. N., Douglass, A., Allen, J., Wagner, C., Santiago, A., &amp; Reyes, N. (2026). <em><a href=\"https:\/\/www.terc.edu\/storybookstem\/wp-content\/uploads\/sites\/5\/2026\/02\/PattisonEtAl2026_AgenticInterestDev.pdf\" target=\"_blank\" rel=\"noreferrer noopener\">Agentic interest development: How Spanish- and English-speaking caregivers from low-income communities leverage STEM programs to support their family goals and interests<\/a><\/em>. Cambridge, MA: AV°ÍÊ¿.<\/p>\n\n\n\n<p><strong><span style=\"text-decoration: underline;\"><u>20<\/u>25<\/span><\/strong><\/p>\n\n\n\n<p>Ramos Monta\u00f1ez, S., Pattison, S. A., Svarovsky, G. N., Douglass, A., Allen, J., L\u00f3pez Burgos, V., Reyes, N., &amp; Garibay, C. (2025). <a href=\"https:\/\/www.terc.edu\/hse\/wp-content\/uploads\/sites\/18\/2025\/07\/Empowering-Communities-and-Project-Teams-The-Role-of-Equity-Advocates-in-Informal-STEM-Education.pdf\" target=\"_blank\" rel=\"noreferrer noopener\">Empowering communities and project teams: The role of equity advocates in informal STEM education<\/a>. Cambridge, MA: AV°ÍÊ¿.<\/p>\n\n\n\n<p>Pattison, S. A., Jbali, M., Preisz, A., Ramos Monta\u00f1ez, S., Allen, J., Douglass, A., Svarovsky, G. N., &amp; L\u00f3pez Burgos, V. (2025). <em><a href=\"https:\/\/www.researchgate.net\/publication\/393664690_Community-Centered_Knowledge_Mobilization_Collaborative_Program_Adaptation_with_Families_from_the_Greater_Middle_East\" target=\"_blank\" rel=\"noreferrer noopener\">Community-centered knowledge mobilization: Collaborative program adaptation with families from the Greater Middle East<\/a><\/em>. American Educational Research Association Annual Conference, Denver, CO.<\/p>\n\n\n\n<p>Pattison, S. A., Ramos Monta\u00f1ez, S., Svarovsky, G. N., Wagner, C., Corbett, A., Quijano, &amp; L\u00f3pez Burgos, V. (2025). <a href=\"https:\/\/docs.lib.purdue.edu\/jpeer\/vol15\/iss1\/1\/\" target=\"_blank\" rel=\"noreferrer noopener\">Activity design principles to support engineering design practices for families with preschool-age children from low-income English- and Spanish-speaking communities<\/a>. <em>Journal of Pre-College Engineering Education Research (J-PEER)<\/em>.<\/p>\n\n\n\n<p>Shaby, N., Dillon, J., Peleg, R., Assaraf, O. B.-Z., Pattison, S., Pierroux, P., Barzilay, M., Grenon, M., Steier, R., Ramos-Montanez, S., Wagner, C., Quijano, M., Burgos, V. L., &amp; Contreras, D. (2025). <a href=\"https:\/\/www.researchgate.net\/publication\/389265306_Telling_Tales_The_Use_of_Narratives_in_Informal_STEM_Settings\" target=\"_blank\" rel=\"noreferrer noopener\">Telling tales: The use of narratives in informal STEM settings<\/a>. <em>Research in Science and Technological Education<\/em>.<\/p>\n\n\n\n<p><strong><span style=\"text-decoration: underline;\"><u>20<\/u>24<\/span><\/strong><\/p>\n\n\n\n<p>Pattison, S. A., Ramos Monta\u00f1ez, S., Tolbert Smith, D., Cardella, M., Dou, R., Cian, H., Calabrese Barton, A., Sedawi, W., Tan, E., L\u00f3pez Burgos, V., Svarovsky, G. N., Allen, J., Douglass, A., &amp; Wagner, C. (2024). <em><a href=\"https:\/\/www.researchgate.net\/publication\/380320468_Families_Matter_Family_Learning_as_a_Central_Component_to_Equity_in_STEM_Education\" target=\"_blank\" rel=\"noreferrer noopener\">Families matter: Family learning as a central component to equity in STEM education<\/a><\/em>. Symposium presented at the NARST Annual International Conference, Denver, CO.<\/p>\n\n\n\n<p>Svarovsky, G. N., Wagner, C., Lettau, M., Marfo, K., Pattison, S. A., Ramos Monta\u00f1ez, S., L\u00f3pez Burgos, V., Corbett, A., Quijano, M., &amp; Contreras, D. (2024). <em><a href=\"https:\/\/www.researchgate.net\/publication\/382873621_Supporting_Early_Childhood_Educators_in_Implementing_and_Adapting_Research-based_Engineering_Activities_Designed_for_Families_Fundamental_Diversity\" target=\"_blank\" rel=\"noreferrer noopener\">Supporting early childhood educators in implementing and adapting research-based engineering activities designed for families<\/a><\/em>. Paper presented at the American Society for Engineering Education Annual Conference &amp; Exposition, Portland, OR.<\/p>\n\n\n\n<p><strong><span style=\"text-decoration: underline;\"><u>20<\/u>23<\/span><\/strong><\/p>\n\n\n\n<p>Pattison, S. A., Ramos Monta\u00f1ez, S., L\u00f3pez Burgos, V., Svarovsky, G. N., Wagner, C., Douglass, A., &amp; Allen, J. (2023). <em><a href=\"https:\/\/www.researchgate.net\/publication\/372052190_Family_Voices_Learning_from_Families_with_Preschool-Age_Children_from_Historically_Marginalized_Communities_to_Expand_our_Vision_of_Engineering\" target=\"_blank\" rel=\"noreferrer noopener\">Family voices: Learning from families with preschool-age children from historically marginalized communities to expand our vision of engineering<\/a><\/em>. Paper presented at the American Society of Engineering Education Annual Conference, Baltimore, MD.<\/p>\n\n\n\n<p>Pattison, S. A., Svarovsky, G. N., Ramos Monta\u00f1ez, S., Wagner, C., L\u00f3pez Burgos, V., Corbett, A., Quijano, M., Contreras, D., De Los Santos, S., &amp; Perdomo, M. E. (2023). <a href=\"https:\/\/www.researchgate.net\/publication\/375027838_Playful_Engineering_Discovering_the_Unique_Potential_of_Engineering_with_Young_Children_and_their_Families\" target=\"_blank\" rel=\"noreferrer noopener\">Playful engineering; Discovering the unique potential of engineering with young children and their families<\/a>. <em>Hands On! Magazine<\/em>, <em>Fall<\/em>, 5\u201310.<\/p>\n\n\n\n<p>Pattison, S. A., Svarovsky, G., Ramos Monta\u00f1ez, S., L\u00f3pez Burgos, V., Santiago, A., &amp; De Los Santos, S. (2023). <a href=\"https:\/\/www.researchgate.net\/publication\/374617987_Family-Centered_Research_Reflections_From_a_Zoom-Based_Recording_Method_of_Families_Learning_Together_at_Home\" target=\"_blank\" rel=\"noreferrer noopener\">Family-centered research: Reflections from a Zoom-based recording method of families learning together at home<\/a>. <em>Educational Researcher<\/em>, <em>52<\/em>(9), 580\u2013587.<\/p>\n\n\n\n<p>Wagner, C., Svarovsky, G. N., Lettau, M., Marfo, K., Lorena Ortiz, A., Ryan, D., Pattison, S. A., Ramos Monta\u00f1ez, S., L\u00f3pez Burgos, V., De Los Santos, S., Quijano, M., &amp; Corbett, A. (2023). <em><a href=\"https:\/\/www.researchgate.net\/publication\/372189610_Exploring_the_Nature_of_Engineering_During_Home-based_Engineering_Activities_Designed_for_Spanish-and_English-speaking_Families_with_Young_Children\" target=\"_blank\" rel=\"noreferrer noopener\">Exploring the nature of engineering during home-based engineering activities designed for Spanish- and English-speaking families with young children<\/a><\/em>. Paper presented at the American Society for Engineering Education Annual Conference, Baltimore, MD.<\/p>\n\n\n\n<p><span style=\"text-decoration: underline;\"><strong><u>20<\/u>22<\/strong><\/span><\/p>\n\n\n\n<p>Pattison, S. A., Ramos Monta\u00f1ez, S., &amp; Svarovsky, G. (2022). <a href=\"https:\/\/www.researchgate.net\/publication\/363240338_Family_values_parent_roles_and_life_challenges_Parent_reflections_on_the_factors_shaping_long-term_interest_development_for_young_children_and_their_families_participating_in_an_early_childhood_engine\" target=\"_blank\" rel=\"noreferrer noopener\">Family values, parent roles, and life challenges: Parent reflections on the factors shaping long\u2010term interest development for young children and their families participating in an early childhood engineering program. <\/a><em>Science Education<\/em>.<\/p>\n\n\n\n<p>Pattison, S. A., &amp; Ramos Monta\u00f1ez, S. (2022). <a href=\"https:\/\/www.researchgate.net\/publication\/361372275_Diverse_STEM_Interest_Development_Pathways_in_Early_Childhood\" target=\"_blank\" rel=\"noreferrer noopener\">Diverse STEM interest development pathways in early childhood<\/a>. In T. J. Kennedy &amp; S. D. Tunnicliffe (Eds.), <em>Play and STEM education in the early years: International policy and practice<\/em> (pp. 439\u2013457). Springer.<\/p>\n\n\n\n<p>Pattison, S. A., Ramos Monta\u00f1ez, S., Santiago, A., Svarovsky, G. N., Douglass, A., N\u00fa\u00f1ez, V., Allen, J., &amp; Wagner, C. (2022). <em><a rel=\"noreferrer noopener\" href=\"https:\/\/www.researchgate.net\/publication\/359878905_Interest_Catalysts_The_Unique_Ways_Families_Connect_with_Program_Experiences_to_Support_Long-Term_STEM_Interest_Pathways_in_Early_Childhood\" target=\"_blank\">Interest catalysts: The unique ways families connect with program experiences to support long-term STEM interest pathways in early childhood<\/a><\/em>. Paper presented at the NARST 2022 Annual International Conference, Vancouver, British Columbia.<\/p>\n\n\n\n<p>Pattison, S. A., Svarovsky, G. N., Ramos Monta\u00f1ez, S., Wagner, C., Corbett, A., Perdomo, M. E., L\u00f3pez Burgos, V., &amp; De Los Santos, S. (2022). <em><a href=\"https:\/\/www.researchgate.net\/publication\/360079545_Activity_Design_Principles_that_Support_Family-Based_Engineering_Learning_in_Early_Childhood\" target=\"_blank\" rel=\"noreferrer noopener\">Activity design principles that support family-based engineering learning in early childhood<\/a><\/em>. Paper presented at the NARST 2022 Annual International Conference, Vancouver, British Columbia.<\/p>\n\n\n\n<p>Pattison, S. A., Svarovsky, G., Corbett, A., Perdomo, M. E., Ramos Monta\u00f1ez, S., Wagner, C., L\u00f3pez Burgos, V., &amp; De Los Santos, S. (2022). <em><a rel=\"noreferrer noopener\" href=\"https:\/\/doi.org\/10.13140\/RG.2.2.19143.16803\" target=\"_blank\">Playful materials catalyze imaginative play and shift the nature of engineering design for preschool-age children and their families<\/a><\/em>. Poster presented at the Society for Research in Child Development Learning through Play and Imagination meeting, St Louis, MO.<\/p>\n\n\n\n<p><strong><u>2020<\/u><\/strong><\/p>\n\n\n\n<p>Pattison, S. A., Ramos Monta\u00f1ez, S., &amp; Svarovsky, G. N. (2020). <a rel=\"noreferrer noopener\" href=\"https:\/\/www.terc.edu\/hse\/wp-content\/uploads\/sites\/18\/2021\/05\/NARST2020_EarlyEngineering_03-27-20.pdf\" target=\"_blank\"><em>Early childhood engineering: Supporting engineering design practices with young children and their families<\/em><\/a>. Paper presented at the NARST 2020 Annual International Conference, Portland, OR.<\/p>\n\n\n\n<p>Pattison, S. A., Svarovsky, G., Ramos Monta\u00f1ez, S., Gontan, I., Weiss, S., N\u00fa\u00f1ez, V., Corrie, P., Smith, C., &amp; Benne, M. (2020). <a href=\"https:\/\/www.terc.edu\/hse\/wp-content\/uploads\/sites\/18\/2021\/05\/PattisonEtAl2020_JPEER_EarlyChildhoodEngInterest.pdf\" target=\"_blank\" rel=\"noreferrer noopener\">Understanding early childhood engineering interest development as a family-level systems phenomenon: Findings from the Head Start on Engineering project<\/a>. <em>Journal of Pre-College Engineering Education Research (J-PEER), 10<\/em>(1), 72\u201389.<\/p>\n\n\n\n<p><strong><u>2019<\/u><\/strong><\/p>\n\n\n\n<p>Pattison, S. A., N\u00fa\u00f1ez, V., Smith, C., &amp; Douglass, A. (2019<em>). <a href=\"https:\/\/www.terc.edu\/hse\/wp-content\/uploads\/sites\/18\/2021\/05\/FinalReport_HSEBoeing2018_08-01-19.pdf\" target=\"_blank\" rel=\"noreferrer noopener\">Ingenier\u00eda para mi familia: Strengthening the cultural relevance of the Head Start on Engineering program for families<\/a><\/em>. Cambridge, MA: AV°ÍÊ¿.<\/p>\n\n\n\n<p><strong><u>2018<\/u><\/strong><\/p>\n\n\n\n<p>Pattison, S. A., N\u00fa\u00f1ez, V., Smith, C., Svarovsky, G. N., Benne, M., Corrie, P., &amp; Stewart, R. (2018). <em><a href=\"https:\/\/www.terc.edu\/hse\/wp-content\/uploads\/sites\/18\/2021\/05\/HSEProgramGuide_02-22-19.pdf\" target=\"_blank\" rel=\"noreferrer noopener\">Introduction to the Head Start on Engineering pilot program: Engaging families with preschool children in the engineering design process<\/a><\/em>. Portland, OR: Institute for Learning Innovation.<\/p>\n\n\n\n<p>Pattison, S. A., Svarovsky, G. N., Benne, M., Corrie, P., N\u00fa\u00f1ez, V., &amp; Smith, C. (2018). <em><a href=\"https:\/\/www.terc.edu\/hse\/wp-content\/uploads\/sites\/18\/2021\/05\/EvaluationReport_HSE2.0_04-12-19.pdf\" target=\"_blank\" rel=\"noreferrer noopener\">Head Start on Engineering: 2017\u201318 program year evaluation report<\/a><\/em>. Portland, OR: Institute for Learning Innovation.<\/p>\n\n\n\n<p>Pattison, S. A., Svarovsky, G. N., Benne, M., Corrie, P., N\u00fa\u00f1ez, V., Smith, C., &amp; Stewart, R. (2018). <em><a rel=\"noreferrer noopener\" href=\"https:\/\/www.terc.edu\/hse\/wp-content\/uploads\/sites\/18\/2021\/05\/VSAPoster2018_HSE2.0_07-10-18.pdf\" target=\"_blank\">Head Start on Engineering<\/a><\/em>. Poster presented at the Visitor Studies Association Conference, Chicago, IL.<\/p>\n\n\n\n<p>Pattison, S. A., Weiss, S., Ramos-Monta\u00f1ez, S., Gontan, I., Svarovsky, G., Corrie, P. G., \u2026 Smith, C. (2018). <em><a href=\"https:\/\/www.terc.edu\/hse\/wp-content\/uploads\/sites\/18\/2021\/05\/PattisonEtAl2018_NARST_FamilyInterestSystem.pdf\" target=\"_blank\" rel=\"noreferrer noopener\">Engineering in early childhood: Describing family-level interest development systems<\/a><\/em>. Paper presented at the NARST 91st Annual International Conference, Atlanta, GA.<\/p>\n\n\n\n<p><strong><u>Earlier Work<\/u><\/strong><\/p>\n\n\n\n<p>Pattison, S. A., Svarovsky, G. N., Gontan, I., Corrie, P., Benne, M., Weiss, S., \u2026 Ramos-Monta\u00f1ez, S. (2017). <a href=\"https:\/\/www.nsta.org\/connected-science-learning\/connected-science-learning-october-december-2017-0\/head-start\" target=\"_blank\" rel=\"noreferrer noopener\">Teachers, informal STEM educators, and learning researchers collaborating to engage low-income families with engineering<\/a>. <em>Connected Science Learning, 4<\/em>.<\/p>\n\n\n\n<p>Svarovsky, G. N., Pattison, S. A., Verbeke, M., Benne, M., &amp; Corrie, P. (2017). <em><a href=\"https:\/\/www.terc.edu\/hse\/wp-content\/uploads\/sites\/18\/2021\/05\/SvarovskyEtAl2017_ASEE_HeadStartOnEngineeringWIP_Final.pdf\" target=\"_blank\" rel=\"noreferrer noopener\">Head Start on Engineering: Early findings (work in progress)<\/a><\/em>. Paper presented at the ASEE Annual Conference &amp; Exposition, Columbus, OH: American Society for Engineering Education.<\/p>\n\n\n\n<p>Pattison, S. A., Corrie, P., Benne, M., &amp; Svarovsky, G. N. (2016). <em><a href=\"https:\/\/www.terc.edu\/hse\/wp-content\/uploads\/sites\/18\/2021\/05\/HSEPoster_VSA2016_07-15-16.pdf\" target=\"_blank\" rel=\"noreferrer noopener\">Head Start on Engineering: Supporting Engineering Interest Development in Early Childhood<\/a><\/em>. Poster presented at the Visitor Studies Association Conference, Boston, MA.<\/p>\n\n\n\n<p>Pattison, S. A., Svarovsky, G. N., Corrie, P., Benne, M., Nu\u00f1ez, V., Dierking, L. D., &amp; Verbeke, M. (2016). <em><a href=\"https:\/\/www.terc.edu\/hse\/wp-content\/uploads\/sites\/18\/2021\/05\/PattisonEtAl2016_EarlyChildhoodInterestFramework.pdf\" target=\"_blank\" rel=\"noreferrer noopener\">Conceptualizing early childhood STEM interest development as a distributed system: A preliminary framework<\/a><\/em>. Paper presented at the National Association for Research in Science Teaching Annual Conference, Baltimore, MD.<\/p>\n","protected":false},"excerpt":{"rendered":"<p><a class=\"wp-block-button__link wp-element-button\" href=\"https:\/\/www.terc.edu\/hse\/publications\/\">For English<\/a><\/p>\n<p>A continuaci\u00f3n se presentan art\u00edculos y publicaciones producidos por el proyecto de Ingenier\u00eda y Head Start. Los manuscritos en preparaci\u00f3n o revisi\u00f3n est\u00e1n disponibles por solicitud a los autores.<\/p>\n<p><u>20<\/u>26<\/p>\n<p>Pattison, S. A., Ramos Monta\u00f1ez, S., L\u00f3pez Burgos, V., Svarovsky, G. N., Douglass, A., Allen, J., Wagner, C., Santiago, A., &amp; Reyes, N. (2026). <em><a href=\"https:\/\/www.terc.edu\/storybookstem\/wp-content\/uploads\/sites\/5\/2026\/02\/PattisonEtAl2026_AgenticInterestDev.pdf\" target=\"_blank\" rel=\"noreferrer noopener\">Agentic interest development: How Spanish- and English-speaking caregivers from low-income communities leverage STEM programs to support their family goals and interests<\/a><\/em>.  <a href=\"https:\/\/www.terc.edu\/hse\/publicaciones\/\">&nbsp;&raquo;&nbsp;Read more<\/a><\/p>\n","protected":false},"author":4,"featured_media":0,"parent":0,"menu_order":0,"comment_status":"closed","ping_status":"closed","template":"template-fullwidth.php","meta":{"_acf_changed":false,"_relevanssi_hide_post":"","_relevanssi_hide_content":"","_relevanssi_pin_for_all":"","_relevanssi_pin_keywords":"","_relevanssi_unpin_keywords":"","_relevanssi_related_keywords":"","_relevanssi_related_include_ids":"","_relevanssi_related_exclude_ids":"","_relevanssi_related_no_append":"","_relevanssi_related_not_related":"","_relevanssi_related_posts":"1","_relevanssi_noindex_reason":"","footnotes":""},"class_list":["post-2406","page","type-page","status-publish","hentry"],"acf":[],"_links":{"self":[{"href":"https:\/\/www.terc.edu\/hse\/wp-json\/wp\/v2\/pages\/2406","targetHints":{"allow":["GET"]}}],"collection":[{"href":"https:\/\/www.terc.edu\/hse\/wp-json\/wp\/v2\/pages"}],"about":[{"href":"https:\/\/www.terc.edu\/hse\/wp-json\/wp\/v2\/types\/page"}],"author":[{"embeddable":true,"href":"https:\/\/www.terc.edu\/hse\/wp-json\/wp\/v2\/users\/4"}],"replies":[{"embeddable":true,"href":"https:\/\/www.terc.edu\/hse\/wp-json\/wp\/v2\/comments?post=2406"}],"version-history":[{"count":11,"href":"https:\/\/www.terc.edu\/hse\/wp-json\/wp\/v2\/pages\/2406\/revisions"}],"predecessor-version":[{"id":2688,"href":"https:\/\/www.terc.edu\/hse\/wp-json\/wp\/v2\/pages\/2406\/revisions\/2688"}],"wp:attachment":[{"href":"https:\/\/www.terc.edu\/hse\/wp-json\/wp\/v2\/media?parent=2406"}],"curies":[{"name":"wp","href":"https:\/\/api.w.org\/{rel}","templated":true}]}}