  {"id":46,"date":"2020-05-15T20:42:46","date_gmt":"2020-05-15T20:42:46","guid":{"rendered":"https:\/\/www.terc.edu\/mixinginmath\/?page_id=46"},"modified":"2021-01-07T00:25:14","modified_gmt":"2021-01-07T00:25:14","slug":"downloads","status":"publish","type":"page","link":"https:\/\/www.terc.edu\/mixinginmath\/downloads\/","title":{"rendered":"Mixing in Math Downloads"},"content":{"rendered":"\n<h2 class=\"wp-block-heading\">Projects, games, and activities that mix in math for PreK-Grade 5<\/h2>\n\n\n\n<p>We are delighted to make our activity books available for free downloading. Our books are based on 15 years of research and development projects supported in part by NSF and other foundations. In these projects, we partnered with public librarians, after-school providers, and families all over the U.S to craft math resources that are accessible and engaging to a very wide audience, including those with little mathematical comfort or confidence.<\/p>\n\n\n\n<p>Download our books for free below!<\/p>\n\n\n\n<div class=\"wp-block-image\"><figure class=\"alignright size-large is-resized\"><img decoding=\"async\" src=\"https:\/\/www.terc.edu\/mixinginmath\/wp-content\/uploads\/sites\/8\/2020\/05\/Cover_MiMFoodFightsv5.png\" alt=\"Food Fights, Puzzles, and Hideouts\" class=\"wp-image-98\" width=\"250\" srcset=\"https:\/\/www.terc.edu\/mixinginmath\/wp-content\/uploads\/sites\/8\/2020\/05\/Cover_MiMFoodFightsv5.png 624w, https:\/\/www.terc.edu\/mixinginmath\/wp-content\/uploads\/sites\/8\/2020\/05\/Cover_MiMFoodFightsv5-235x300.png 235w\" sizes=\"(max-width: 624px) 100vw, 624px\" \/><\/figure><\/div>\n\n\n\n<h2 class=\"wp-block-heading\">Food Fights, Puzzles, and Hideouts for Grades K-5<\/h2>\n\n\n\n<p>We believe that creativity, play, and socializing are important ingredients in learning just about anything. This book is designed to put those ingredients into learning math.&nbsp;The games, projects, and activities are geared toward children in the elementary grades, but older children and adults will also enjoy and find challenge in them.<\/p>\n\n\n\n<p>Whether or not you\u2019ve liked math in the past, once you\u2019ve dipped into this book, you\u2019ll see that it can be part of the things you love to do. Find a game, project, or activity and get started!<\/p>\n\n\n\n<ul class=\"wp-block-list\"><li><a href=\"https:\/\/www.terc.edu\/wp-content\/uploads\/2020\/03\/FoodFights_Intro_2020.pdf\" target=\"_blank\" rel=\"noreferrer noopener\"><strong>Food Fights Intro<\/strong><\/a><\/li><li><a href=\"https:\/\/www.terc.edu\/wp-content\/uploads\/2020\/03\/Games_FoodFights_AV巴士2020.pdf\" target=\"_blank\" rel=\"noreferrer noopener\"><strong>Games Galore<\/strong><\/a><br>All kinds of games: coin, dice, and board; quiet and active; partner and whole group. Play to win or play so everyone wins!<\/li><li><a href=\"https:\/\/www.terc.edu\/wp-content\/uploads\/2020\/03\/ProjectsCrafts_FoodFights_2020.pdf\" target=\"_blank\" rel=\"noreferrer noopener\"><strong>Projects and Crafts<\/strong><\/a><br>Build, design, create, and grow with projects and crafts that use everyday materials like paper towel tubes and cardboard boxes.<\/li><li><a href=\"https:\/\/www.terc.edu\/wp-content\/uploads\/2020\/03\/FoodPlay_FoodFights_AV巴士2020.pdf\" target=\"_blank\" rel=\"noreferrer noopener\"><strong>Play with Your Food<\/strong><\/a><br>Ideas to investigate and games to play when you\u2019re eating, cooking, or party planning.<\/li><li><a href=\"https:\/\/www.terc.edu\/wp-content\/uploads\/2020\/03\/Groups_FoodFights_AV巴士2020.pdf\" target=\"_blank\" rel=\"noreferrer noopener\"><strong>Good for Groups<\/strong><\/a><br>Icebreakers, party games, challenges, and contests designed for a crowd.<\/li><li><a href=\"https:\/\/www.terc.edu\/wp-content\/uploads\/2020\/03\/AnyTime_FoodFights_AV巴士2020.pdf\" target=\"_blank\" rel=\"noreferrer noopener\"><strong>Anytime, Anywhere<\/strong><\/a><br>Activities to do and games to play wherever you are: in the car, on the bus, in a waiting room, or at the dinner table.<\/li><li><a href=\"https:\/\/www.terc.edu\/wp-content\/uploads\/2020\/03\/AnyYearCal_100Days_AV巴士2020.pdf\" target=\"_blank\" rel=\"noreferrer noopener\"><strong>Any Year Calendars<\/strong><\/a><br>Things to do on familiar holidays (like July 4), less common holidays (like Backward Day) and any day. Includes a bonus set of ideas for celebrating 100 days.<\/li><li><a href=\"https:\/\/www.terc.edu\/wp-content\/uploads\/2020\/03\/CommonCoreChart_FoodFights_AV巴士2020.pdf\" target=\"_blank\" rel=\"noreferrer noopener\"><strong>Common Core Connections&nbsp;<\/strong><\/a><\/li><\/ul>\n\n\n\n<h2 class=\"wp-block-heading\">Rompecabezas, escondites y batallas de comida<\/h2>\n\n\n\n<p>Creemos que la creatividad, el juego y la socializaci\u00f3n son ingredientes importantes de cualquier aprendizaje. Este libro est\u00e1 dise\u00f1ado para incorporar estos ingredientes en el aprendizaje de las matem\u00e1ticas.&nbsp;<\/p>\n\n\n\n<p>Aunque no nos gustaran las matem\u00e1ticas en el pasado, una vez que probemos las actividades de este libro vamos a darnos cuenta que las matem\u00e1ticas pueden ser parte de las actividades que nos gustan. As\u00ed que escojamos un juego, un proyecto o una actividad de este libro y, \u00a1pong\u00e1mos manos a la obra!<\/p>\n\n\n\n<ul class=\"wp-block-list\"><li><a href=\"https:\/\/www.terc.edu\/wp-content\/uploads\/2020\/03\/FoodFights_IntroSpan_AV巴士2020.pdf\" target=\"_blank\" rel=\"noreferrer noopener\"><strong>Introducci\u00f3n<\/strong><\/a><\/li><\/ul>\n\n\n\n<ul class=\"wp-block-list\"><li><a href=\"https:\/\/www.terc.edu\/wp-content\/uploads\/2020\/03\/Games_FoodFightsSpan_AV巴士2020.pdf\" target=\"_blank\" rel=\"noreferrer noopener\"><strong>Juegos a montones<\/strong><\/a><strong><br><\/strong>Todo tipo de juegos: con monedas, con dados y con tableros; tranquilos y activos; en pares o en grupo. Juguemos a ganar o \u00a1colaboremos para que todos ganemos!<\/li><li><a href=\"https:\/\/www.terc.edu\/wp-content\/uploads\/2020\/03\/ProjectsCrafts_FoodFightsSpan_AV巴士2020.pdf\" target=\"_blank\" rel=\"noreferrer noopener\"><strong>Manualidades y proyectos<\/strong><\/a><strong><br><\/strong>Construyamos, dise\u00f1emos, creemos y crezcamos con manualidades y proyectos que usan materiales de la vida diaria, como tubos de cart\u00f3n de toallas de papel y cajas de cart\u00f3n.&nbsp;<\/li><li><a href=\"https:\/\/www.terc.edu\/wp-content\/uploads\/2020\/03\/FoodPlay_FoodFights_AV巴士2020-1.pdf\" target=\"_blank\" rel=\"noreferrer noopener\"><strong>Jugando con la comida<\/strong><\/a><strong><br><\/strong>Ideas para investigar y juegos para jugar durante las comidas, mientras cocinamos o mientras estamos planeando una fiesta.&nbsp;<\/li><li><a href=\"https:\/\/www.terc.edu\/wp-content\/uploads\/2020\/03\/Groups_FoodFightsSpan_AV巴士2020.pdf\" target=\"_blank\" rel=\"noreferrer noopener\"><strong>Para grupos<\/strong><\/a><strong><br><\/strong>Actividades para romper el hielo, juegos para fiestas, retos y concursos dise\u00f1ados para un grupo.<\/li><li><a href=\"https:\/\/www.terc.edu\/wp-content\/uploads\/2020\/03\/AnyTime_FoodFightsSpan_AV巴士2020.pdf\" target=\"_blank\" rel=\"noreferrer noopener\"><strong>En cualquier momento, en cualquier lugar<\/strong><\/a><strong><br><\/strong>Actividades y juegos que se pueden hacer en cualquier lugar: en el carro, en el autob\u00fas, en una sala de espera o en la mesa mientras comemos.&nbsp;<\/li><li><a href=\"https:\/\/www.terc.edu\/wp-content\/uploads\/2020\/03\/AnyYearCal_100Dias_FoodFightsSpan_AV巴士2020.pdf\" target=\"_blank\" rel=\"noreferrer noopener\"><strong>Calendarios para cualquier a\u00f1o<\/strong><\/a><strong><br><\/strong>Ideas para jugar e investigar sobre d\u00edas feriados conocidos y menos conocidos (como el D\u00eda del Rev\u00e9s), o cualquier d\u00eda. Incluye un conjunto adicional de ideas para celebrar los 100 d\u00edas.<\/li><li><a href=\"https:\/\/www.terc.edu\/wp-content\/uploads\/2020\/03\/CommonCoreChart_FoodFightsSpan_AV巴士2020.pdf\" target=\"_blank\" rel=\"noreferrer noopener\"><strong>Conexiones con el Common Core<\/strong><\/a><\/li><\/ul>\n\n\n\n<div class=\"wp-block-image\"><figure class=\"alignright size-large is-resized\"><img decoding=\"async\" src=\"https:\/\/www.terc.edu\/mixinginmath\/wp-content\/uploads\/sites\/8\/2020\/05\/SIwSN_Cover_033020-791x1024.png\" alt=\"Say It With Shapes and Numbers\" class=\"wp-image-99\" width=\"250\" srcset=\"https:\/\/www.terc.edu\/mixinginmath\/wp-content\/uploads\/sites\/8\/2020\/05\/SIwSN_Cover_033020-791x1024.png 791w, https:\/\/www.terc.edu\/mixinginmath\/wp-content\/uploads\/sites\/8\/2020\/05\/SIwSN_Cover_033020-232x300.png 232w, https:\/\/www.terc.edu\/mixinginmath\/wp-content\/uploads\/sites\/8\/2020\/05\/SIwSN_Cover_033020-768x994.png 768w, https:\/\/www.terc.edu\/mixinginmath\/wp-content\/uploads\/sites\/8\/2020\/05\/SIwSN_Cover_033020-1187x1536.png 1187w, https:\/\/www.terc.edu\/mixinginmath\/wp-content\/uploads\/sites\/8\/2020\/05\/SIwSN_Cover_033020.png 1275w\" sizes=\"(max-width: 791px) 100vw, 791px\" \/><\/figure><\/div>\n\n\n\n<h2 class=\"wp-block-heading\">Say it with Shapes and Numbers for Grades PreK-3<\/h2>\n\n\n\n<p>Play games, build towers, move to the beat, and go on a pretend picnic\u2014all with math!&nbsp;This book contains over 300 ways to mix in math with&nbsp;young children and families, mathophobes and mathophiles, and parents, childcare providers, librarians, and teachers. The games, projects, and activities are geared toward children grades PrK-3, but older children will also enjoy and find challenge in them.<\/p>\n\n\n\n<ul class=\"wp-block-list\"><li><a href=\"https:\/\/www.terc.edu\/wp-content\/uploads\/2020\/03\/ShapesNumbers_Intro_AV巴士2020.pdf\" target=\"_blank\" rel=\"noreferrer noopener\"><strong>Say It with Shapes and Numbers Intro<\/strong><\/a><\/li><li><a href=\"https:\/\/www.terc.edu\/wp-content\/uploads\/2020\/03\/Games_ShapesNumbers_AV巴士2020.pdf\" target=\"_blank\" rel=\"noreferrer noopener\"><strong>Games<\/strong><\/a><br>Play to match colors and numbers, to compare, sort, and count, and to add and subtract. Includes Game boards and Ladybug Card Deck.&nbsp;<\/li><li><a href=\"https:\/\/www.terc.edu\/wp-content\/uploads\/2020\/03\/ProjectsCrafts_ShapesNumbers_AV巴士2020.pdf\" target=\"_blank\" rel=\"noreferrer noopener\"><strong>Projects and Crafts<\/strong><\/a><br>Build, design, and create with projects and crafts that use everyday materials. Includes letters and English and Spanish words in colorful geometric shapes to use for projects that combine geometry, patterns, and literacy.&nbsp;<a href=\"https:\/\/www.terc.edu\/wp-content\/uploads\/2020\/03\/Letters_BlanksShapes_ShapesNumbers_AV巴士2020.pdf\" target=\"_blank\" rel=\"noreferrer noopener\"><strong>Extra Letter Sets and Blank Shapes<\/strong><\/a><\/li><li><a href=\"https:\/\/www.terc.edu\/wp-content\/uploads\/2020\/03\/Food_ShapesNumbers_AV巴士2020.pdf\" target=\"_blank\" rel=\"noreferrer noopener\"><strong>Food and Water<\/strong><\/a><br>Ideas to investigate and games to play in the kitchen, at snack time, or around water.&nbsp;<\/li><li><a href=\"https:\/\/www.terc.edu\/wp-content\/uploads\/2020\/03\/Groups_ShapesNumbers_AV巴士2020.pdf\" target=\"_blank\" rel=\"noreferrer noopener\"><strong>Good for Groups<\/strong><\/a><br>Group games, party favorites, icebreakers, and circle time activities for indoors and out.<\/li><li><a href=\"https:\/\/www.terc.edu\/wp-content\/uploads\/2020\/03\/AnytimeAnywhere_ShapesNumbers_AV巴士2020indd.pdf\" target=\"_blank\" rel=\"noreferrer noopener\"><strong>Anytime, Anywhere<\/strong><\/a><br>Activities to do and games to play wherever you are: in the car, on the bus, in a waiting room, or at the dinner table.<\/li><li><a href=\"https:\/\/www.terc.edu\/wp-content\/uploads\/2020\/03\/AllYearRound_ShapesNumbers_AV巴士2020.pdf\" target=\"_blank\" rel=\"noreferrer noopener\"><strong>All Year Round<\/strong><\/a><br>Ideas for mixing math into seasons, holidays, and special events all year round.&nbsp;<\/li><li><a href=\"https:\/\/www.terc.edu\/wp-content\/uploads\/2020\/03\/MathConnections_ShapesNumbers_AV巴士2020.pdf\" target=\"_blank\" rel=\"noreferrer noopener\"><strong>Math Connections<\/strong><\/a><\/li><\/ul>\n","protected":false},"excerpt":{"rendered":"<p>Projects, games, and activities that mix in math for PreK-Grade 5<\/p>\n<p>We are delighted to make our activity books available for free downloading. Our books are based on 15 years of research and development projects supported in part by NSF and other foundations. In these projects, we partnered with public librarians, after-school providers, and families all over the U.S to craft math resources that are accessible and engaging to a very wide audience, including those with little mathematical comfort or confidence.  <a href=\"https:\/\/www.terc.edu\/mixinginmath\/downloads\/\">&nbsp;&raquo;&nbsp;Read more<\/a><\/p>\n","protected":false},"author":3,"featured_media":0,"parent":0,"menu_order":0,"comment_status":"closed","ping_status":"closed","template":"template-fullwidth.php","meta":{"_acf_changed":false,"_relevanssi_hide_post":"","_relevanssi_hide_content":"","_relevanssi_pin_for_all":"","_relevanssi_pin_keywords":"","_relevanssi_unpin_keywords":"","_relevanssi_related_keywords":"","_relevanssi_related_include_ids":"","_relevanssi_related_exclude_ids":"","_relevanssi_related_no_append":"","_relevanssi_related_not_related":"","_relevanssi_related_posts":"1","_relevanssi_noindex_reason":"","footnotes":""},"class_list":["post-46","page","type-page","status-publish","hentry"],"acf":[],"_links":{"self":[{"href":"https:\/\/www.terc.edu\/mixinginmath\/wp-json\/wp\/v2\/pages\/46","targetHints":{"allow":["GET"]}}],"collection":[{"href":"https:\/\/www.terc.edu\/mixinginmath\/wp-json\/wp\/v2\/pages"}],"about":[{"href":"https:\/\/www.terc.edu\/mixinginmath\/wp-json\/wp\/v2\/types\/page"}],"author":[{"embeddable":true,"href":"https:\/\/www.terc.edu\/mixinginmath\/wp-json\/wp\/v2\/users\/3"}],"replies":[{"embeddable":true,"href":"https:\/\/www.terc.edu\/mixinginmath\/wp-json\/wp\/v2\/comments?post=46"}],"version-history":[{"count":8,"href":"https:\/\/www.terc.edu\/mixinginmath\/wp-json\/wp\/v2\/pages\/46\/revisions"}],"predecessor-version":[{"id":273,"href":"https:\/\/www.terc.edu\/mixinginmath\/wp-json\/wp\/v2\/pages\/46\/revisions\/273"}],"wp:attachment":[{"href":"https:\/\/www.terc.edu\/mixinginmath\/wp-json\/wp\/v2\/media?parent=46"}],"curies":[{"name":"wp","href":"https:\/\/api.w.org\/{rel}","templated":true}]}}