  {"id":1369,"date":"2023-11-01T18:07:58","date_gmt":"2023-11-01T18:07:58","guid":{"rendered":"https:\/\/www.terc.edu\/videolibrary\/?page_id=1369"},"modified":"2023-11-11T09:13:04","modified_gmt":"2023-11-11T14:13:04","slug":"head-start-on-engineering-collaborating-with-families-for-a-more-equitable-vision-of-stem-education-spanish-and-arabic-versions","status":"publish","type":"page","link":"https:\/\/www.terc.edu\/videolibrary\/head-start-on-engineering-collaborating-with-families-for-a-more-equitable-vision-of-stem-education-spanish-and-arabic-versions\/","title":{"rendered":"View the Library"},"content":{"rendered":"\n<h2 class=\"wp-block-heading\">Ingenier\u00eda y Head Start: Colaborando con familias para lograr una visi\u00f3n m\u00e1s equitativa relacionada a la ense\u00f1anza de STEM<\/h2>\n\n\n\n<br\/> <br\/><center><iframe loading=\"lazy\" width=\"560\" height=\"315\" src=\"https:\/\/www.youtube.com\/embed\/?list=PLhrSvpEwhfz-nxpx9o_eOUdJsBwaPhYWP&#038;loop=1&#038;rel=0\" title=\"YouTube video player\" frameborder=\"0\" allow=\"accelerometer; autoplay; clipboard-write; encrypted-media; gyroscope; picture-in-picture; web-share\" allowfullscreen><\/iframe><\/center><br\/><br\/>\n\n\n\n<p><strong>Descripci\u00f3n:<\/strong> Ingenier\u00eda y Head Start (<a href=\"http:\/\/www.terc.edu\/hse\" target=\"_blank\" rel=\"noreferrer noopener\">www.terc.edu\/hse<\/a>) es una iniciativa enfocada en empoderar a m\u00e1s familias a utilizar la ingenier\u00eda para ayudar a sus hijos a prosperar. Como equipo aspiramos a colaborar de manera aut\u00e9ntica con nuestra comunidad para lograr una visi\u00f3n m\u00e1s equitativa relacionada a la ense\u00f1anza y aplicaci\u00f3n de la ingenier\u00eda en nuestra sociedad. El proyecto es una colaboraci\u00f3n entre AV巴士, Mt. Hood Community College Head Start, University of Notre Dame, y el Oregon Museum of Science and Industry. Durante los \u00faltimos a\u00f1os y a trav\u00e9s de nuestro trabajo con familias hemos observado y aprendido sobre las maneras \u00fanicas en que las familias con ni\u00f1os en edad preescolar (de 3 a 5 a\u00f1os) se involucran con la ingenier\u00eda y c\u00f3mo adaptan y aprovechan estas experiencias para apoyar el aprendizaje y el desarrollo de sus hijos. <\/p>\n\n\n\n<p>Propuestas de NSF: <a rel=\"noreferrer noopener\" href=\"https:\/\/www.nsf.gov\/awardsearch\/showAward?AWD_ID=1515628&amp;HistoricalAwards=false\" target=\"_blank\">1515628<\/a>,&nbsp;<a href=\"https:\/\/www.nsf.gov\/awardsearch\/showAward?AWD_ID=1906409\" target=\"_blank\" rel=\"noreferrer noopener\">1906409<\/a>,&nbsp;<a href=\"https:\/\/www.nsf.gov\/awardsearch\/showAward?AWD_ID=1906433\" target=\"_blank\" rel=\"noreferrer noopener\">1906433<\/a>,&nbsp;<a href=\"https:\/\/www.nsf.gov\/awardsearch\/showAward?AWD_ID=1930848\" target=\"_blank\" rel=\"noreferrer noopener\">1930848<\/a><\/p>\n","protected":false},"excerpt":{"rendered":"<p>Ingenier\u00eda y Head Start: Colaborando con familias para lograr una visi\u00f3n m\u00e1s equitativa relacionada a la ense\u00f1anza de STEM<\/p>\n<p>Descripci\u00f3n: Ingenier\u00eda y Head Start (<a href=\"http:\/\/www.terc.edu\/hse\" target=\"_blank\" rel=\"noreferrer noopener\">www.terc.edu\/hse<\/a>) es una iniciativa enfocada en empoderar a m\u00e1s familias a utilizar la ingenier\u00eda para ayudar a sus hijos a prosperar. Como equipo aspiramos a colaborar de manera aut\u00e9ntica con nuestra comunidad para lograr una visi\u00f3n m\u00e1s equitativa relacionada a la ense\u00f1anza y aplicaci\u00f3n de la ingenier\u00eda en nuestra sociedad.  <a href=\"https:\/\/www.terc.edu\/videolibrary\/head-start-on-engineering-collaborating-with-families-for-a-more-equitable-vision-of-stem-education-spanish-and-arabic-versions\/\">&nbsp;&raquo;&nbsp;Read more<\/a><\/p>\n","protected":false},"author":50,"featured_media":0,"parent":0,"menu_order":0,"comment_status":"closed","ping_status":"closed","template":"template-fullwidth.php","meta":{"_acf_changed":false,"_relevanssi_hide_post":"","_relevanssi_hide_content":"","_relevanssi_pin_for_all":"","_relevanssi_pin_keywords":"","_relevanssi_unpin_keywords":"","_relevanssi_related_keywords":"","_relevanssi_related_include_ids":"","_relevanssi_related_exclude_ids":"","_relevanssi_related_no_append":"","_relevanssi_related_not_related":"","_relevanssi_related_posts":"139,218,1,106","_relevanssi_noindex_reason":"","_eb_attr":"","footnotes":""},"class_list":["post-1369","page","type-page","status-publish","hentry"],"acf":[],"yoast_head":"<!-- This site is optimized with the Yoast SEO plugin v27.3 - https:\/\/yoast.com\/product\/yoast-seo-wordpress\/ -->\n<title>View the Library - AV巴士 Video Library<\/title>\n<meta name=\"robots\" content=\"index, follow, max-snippet:-1, max-image-preview:large, max-video-preview:-1\" \/>\n<link rel=\"canonical\" href=\"https:\/\/www.terc.edu\/videolibrary\/head-start-on-engineering-collaborating-with-families-for-a-more-equitable-vision-of-stem-education-spanish-and-arabic-versions\/\" \/>\n<meta property=\"og:locale\" content=\"en_US\" \/>\n<meta property=\"og:type\" content=\"article\" \/>\n<meta property=\"og:title\" content=\"View the Library - AV巴士 Video Library\" \/>\n<meta property=\"og:description\" content=\"Ingenier\u00eda y Head Start: Colaborando con familias para lograr una visi\u00f3n m\u00e1s equitativa relacionada a la ense\u00f1anza de STEM     Descripci\u00f3n: Ingenier\u00eda y Head Start (www.terc.edu\/hse) es una iniciativa enfocada en empoderar a m\u00e1s familias a utilizar la ingenier\u00eda para ayudar a sus hijos a prosperar. Como equipo aspiramos a colaborar de manera aut\u00e9ntica con nuestra comunidad para lograr una visi\u00f3n m\u00e1s equitativa relacionada a la ense\u00f1anza y aplicaci\u00f3n de la ingenier\u00eda en nuestra sociedad. &nbsp;&raquo;&nbsp;Read more\" \/>\n<meta property=\"og:url\" content=\"https:\/\/www.terc.edu\/videolibrary\/head-start-on-engineering-collaborating-with-families-for-a-more-equitable-vision-of-stem-education-spanish-and-arabic-versions\/\" \/>\n<meta property=\"og:site_name\" content=\"AV巴士 Video Library\" \/>\n<meta property=\"article:modified_time\" content=\"2023-11-11T14:13:04+00:00\" \/>\n<meta name=\"twitter:card\" content=\"summary_large_image\" \/>\n<meta name=\"twitter:label1\" content=\"Est. reading time\" \/>\n\t<meta name=\"twitter:data1\" content=\"1 minute\" \/>\n<script type=\"application\/ld+json\" class=\"yoast-schema-graph\">{\"@context\":\"https:\\\/\\\/schema.org\",\"@graph\":[{\"@type\":\"WebPage\",\"@id\":\"https:\\\/\\\/www.terc.edu\\\/videolibrary\\\/head-start-on-engineering-collaborating-with-families-for-a-more-equitable-vision-of-stem-education-spanish-and-arabic-versions\\\/\",\"url\":\"https:\\\/\\\/www.terc.edu\\\/videolibrary\\\/head-start-on-engineering-collaborating-with-families-for-a-more-equitable-vision-of-stem-education-spanish-and-arabic-versions\\\/\",\"name\":\"View the Library - AV巴士 Video Library\",\"isPartOf\":{\"@id\":\"https:\\\/\\\/www.terc.edu\\\/videolibrary\\\/#website\"},\"datePublished\":\"2023-11-01T18:07:58+00:00\",\"dateModified\":\"2023-11-11T14:13:04+00:00\",\"breadcrumb\":{\"@id\":\"https:\\\/\\\/www.terc.edu\\\/videolibrary\\\/head-start-on-engineering-collaborating-with-families-for-a-more-equitable-vision-of-stem-education-spanish-and-arabic-versions\\\/#breadcrumb\"},\"inLanguage\":\"en-US\",\"potentialAction\":[{\"@type\":\"ReadAction\",\"target\":[\"https:\\\/\\\/www.terc.edu\\\/videolibrary\\\/head-start-on-engineering-collaborating-with-families-for-a-more-equitable-vision-of-stem-education-spanish-and-arabic-versions\\\/\"]}]},{\"@type\":\"BreadcrumbList\",\"@id\":\"https:\\\/\\\/www.terc.edu\\\/videolibrary\\\/head-start-on-engineering-collaborating-with-families-for-a-more-equitable-vision-of-stem-education-spanish-and-arabic-versions\\\/#breadcrumb\",\"itemListElement\":[{\"@type\":\"ListItem\",\"position\":1,\"name\":\"Home\",\"item\":\"https:\\\/\\\/www.terc.edu\\\/videolibrary\\\/\"},{\"@type\":\"ListItem\",\"position\":2,\"name\":\"View the Library\"}]},{\"@type\":\"WebSite\",\"@id\":\"https:\\\/\\\/www.terc.edu\\\/videolibrary\\\/#website\",\"url\":\"https:\\\/\\\/www.terc.edu\\\/videolibrary\\\/\",\"name\":\"AV巴士 Video Library\",\"description\":\"\",\"publisher\":{\"@id\":\"https:\\\/\\\/www.terc.edu\\\/videolibrary\\\/#organization\"},\"potentialAction\":[{\"@type\":\"SearchAction\",\"target\":{\"@type\":\"EntryPoint\",\"urlTemplate\":\"https:\\\/\\\/www.terc.edu\\\/videolibrary\\\/?s={search_term_string}\"},\"query-input\":{\"@type\":\"PropertyValueSpecification\",\"valueRequired\":true,\"valueName\":\"search_term_string\"}}],\"inLanguage\":\"en-US\"},{\"@type\":\"Organization\",\"@id\":\"https:\\\/\\\/www.terc.edu\\\/videolibrary\\\/#organization\",\"name\":\"AV巴士 Video Library\",\"url\":\"https:\\\/\\\/www.terc.edu\\\/videolibrary\\\/\",\"logo\":{\"@type\":\"ImageObject\",\"inLanguage\":\"en-US\",\"@id\":\"https:\\\/\\\/www.terc.edu\\\/videolibrary\\\/#\\\/schema\\\/logo\\\/image\\\/\",\"url\":\"https:\\\/\\\/www.terc.edu\\\/videolibrary\\\/wp-content\\\/uploads\\\/sites\\\/43\\\/2023\\\/03\\\/logo_terc_video_library.png\",\"contentUrl\":\"https:\\\/\\\/www.terc.edu\\\/videolibrary\\\/wp-content\\\/uploads\\\/sites\\\/43\\\/2023\\\/03\\\/logo_terc_video_library.png\",\"width\":458,\"height\":70,\"caption\":\"AV巴士 Video Library\"},\"image\":{\"@id\":\"https:\\\/\\\/www.terc.edu\\\/videolibrary\\\/#\\\/schema\\\/logo\\\/image\\\/\"}}]}<\/script>\n<!-- \/ Yoast SEO plugin. -->","yoast_head_json":{"title":"View the Library - AV巴士 Video Library","robots":{"index":"index","follow":"follow","max-snippet":"max-snippet:-1","max-image-preview":"max-image-preview:large","max-video-preview":"max-video-preview:-1"},"canonical":"https:\/\/www.terc.edu\/videolibrary\/head-start-on-engineering-collaborating-with-families-for-a-more-equitable-vision-of-stem-education-spanish-and-arabic-versions\/","og_locale":"en_US","og_type":"article","og_title":"View the Library - AV巴士 Video Library","og_description":"Ingenier\u00eda y Head Start: Colaborando con familias para lograr una visi\u00f3n m\u00e1s equitativa relacionada a la ense\u00f1anza de STEM     Descripci\u00f3n: Ingenier\u00eda y Head Start (www.terc.edu\/hse) es una iniciativa enfocada en empoderar a m\u00e1s familias a utilizar la ingenier\u00eda para ayudar a sus hijos a prosperar. Como equipo aspiramos a colaborar de manera aut\u00e9ntica con nuestra comunidad para lograr una visi\u00f3n m\u00e1s equitativa relacionada a la ense\u00f1anza y aplicaci\u00f3n de la ingenier\u00eda en nuestra sociedad. &nbsp;&raquo;&nbsp;Read more","og_url":"https:\/\/www.terc.edu\/videolibrary\/head-start-on-engineering-collaborating-with-families-for-a-more-equitable-vision-of-stem-education-spanish-and-arabic-versions\/","og_site_name":"AV巴士 Video Library","article_modified_time":"2023-11-11T14:13:04+00:00","twitter_card":"summary_large_image","twitter_misc":{"Est. reading time":"1 minute"},"schema":{"@context":"https:\/\/schema.org","@graph":[{"@type":"WebPage","@id":"https:\/\/www.terc.edu\/videolibrary\/head-start-on-engineering-collaborating-with-families-for-a-more-equitable-vision-of-stem-education-spanish-and-arabic-versions\/","url":"https:\/\/www.terc.edu\/videolibrary\/head-start-on-engineering-collaborating-with-families-for-a-more-equitable-vision-of-stem-education-spanish-and-arabic-versions\/","name":"View the Library - AV巴士 Video Library","isPartOf":{"@id":"https:\/\/www.terc.edu\/videolibrary\/#website"},"datePublished":"2023-11-01T18:07:58+00:00","dateModified":"2023-11-11T14:13:04+00:00","breadcrumb":{"@id":"https:\/\/www.terc.edu\/videolibrary\/head-start-on-engineering-collaborating-with-families-for-a-more-equitable-vision-of-stem-education-spanish-and-arabic-versions\/#breadcrumb"},"inLanguage":"en-US","potentialAction":[{"@type":"ReadAction","target":["https:\/\/www.terc.edu\/videolibrary\/head-start-on-engineering-collaborating-with-families-for-a-more-equitable-vision-of-stem-education-spanish-and-arabic-versions\/"]}]},{"@type":"BreadcrumbList","@id":"https:\/\/www.terc.edu\/videolibrary\/head-start-on-engineering-collaborating-with-families-for-a-more-equitable-vision-of-stem-education-spanish-and-arabic-versions\/#breadcrumb","itemListElement":[{"@type":"ListItem","position":1,"name":"Home","item":"https:\/\/www.terc.edu\/videolibrary\/"},{"@type":"ListItem","position":2,"name":"View the Library"}]},{"@type":"WebSite","@id":"https:\/\/www.terc.edu\/videolibrary\/#website","url":"https:\/\/www.terc.edu\/videolibrary\/","name":"AV巴士 Video Library","description":"","publisher":{"@id":"https:\/\/www.terc.edu\/videolibrary\/#organization"},"potentialAction":[{"@type":"SearchAction","target":{"@type":"EntryPoint","urlTemplate":"https:\/\/www.terc.edu\/videolibrary\/?s={search_term_string}"},"query-input":{"@type":"PropertyValueSpecification","valueRequired":true,"valueName":"search_term_string"}}],"inLanguage":"en-US"},{"@type":"Organization","@id":"https:\/\/www.terc.edu\/videolibrary\/#organization","name":"AV巴士 Video Library","url":"https:\/\/www.terc.edu\/videolibrary\/","logo":{"@type":"ImageObject","inLanguage":"en-US","@id":"https:\/\/www.terc.edu\/videolibrary\/#\/schema\/logo\/image\/","url":"https:\/\/www.terc.edu\/videolibrary\/wp-content\/uploads\/sites\/43\/2023\/03\/logo_terc_video_library.png","contentUrl":"https:\/\/www.terc.edu\/videolibrary\/wp-content\/uploads\/sites\/43\/2023\/03\/logo_terc_video_library.png","width":458,"height":70,"caption":"AV巴士 Video Library"},"image":{"@id":"https:\/\/www.terc.edu\/videolibrary\/#\/schema\/logo\/image\/"}}]}},"_links":{"self":[{"href":"https:\/\/www.terc.edu\/videolibrary\/wp-json\/wp\/v2\/pages\/1369","targetHints":{"allow":["GET"]}}],"collection":[{"href":"https:\/\/www.terc.edu\/videolibrary\/wp-json\/wp\/v2\/pages"}],"about":[{"href":"https:\/\/www.terc.edu\/videolibrary\/wp-json\/wp\/v2\/types\/page"}],"author":[{"embeddable":true,"href":"https:\/\/www.terc.edu\/videolibrary\/wp-json\/wp\/v2\/users\/50"}],"replies":[{"embeddable":true,"href":"https:\/\/www.terc.edu\/videolibrary\/wp-json\/wp\/v2\/comments?post=1369"}],"version-history":[{"count":10,"href":"https:\/\/www.terc.edu\/videolibrary\/wp-json\/wp\/v2\/pages\/1369\/revisions"}],"predecessor-version":[{"id":1495,"href":"https:\/\/www.terc.edu\/videolibrary\/wp-json\/wp\/v2\/pages\/1369\/revisions\/1495"}],"wp:attachment":[{"href":"https:\/\/www.terc.edu\/videolibrary\/wp-json\/wp\/v2\/media?parent=1369"}],"curies":[{"name":"wp","href":"https:\/\/api.w.org\/{rel}","templated":true}]}}